{"id":36865,"date":"2020-03-12T20:05:21","date_gmt":"2020-03-12T18:05:21","guid":{"rendered":"https:\/\/upb.ro\/hr-award-hrs4r\/"},"modified":"2022-09-09T14:05:01","modified_gmt":"2022-09-09T11:05:01","slug":"hr-award-hrs4r","status":"publish","type":"page","link":"https:\/\/upb.ro\/en\/hr-award-hrs4r\/","title":{"rendered":"HR AWARD \u2013 HRS4R"},"content":{"rendered":"<div class=\"wpb-content-wrapper\"><p>[vc_row][vc_column][vc_column_text grad_text_color1=&#8221;#333333&#8243;]In 2019, the University POLITEHNICA of Bucharest <img decoding=\"async\" class=\"wp-image-42144 alignleft\" src=\"https:\/\/upb.ro\/wp-content\/uploads\/2020\/09\/HR_01-300x203.jpg\" alt=\"\" width=\"244\" height=\"165\" srcset=\"https:\/\/upb.ro\/wp-content\/uploads\/2020\/09\/HR_01-300x203.jpg 300w, https:\/\/upb.ro\/wp-content\/uploads\/2020\/09\/HR_01-1024x694.jpg 1024w, https:\/\/upb.ro\/wp-content\/uploads\/2020\/09\/HR_01-120x80.jpg 120w, https:\/\/upb.ro\/wp-content\/uploads\/2020\/09\/HR_01-768x520.jpg 768w, https:\/\/upb.ro\/wp-content\/uploads\/2020\/09\/HR_01-255x173.jpg 255w, https:\/\/upb.ro\/wp-content\/uploads\/2020\/09\/HR_01-24x16.jpg 24w, https:\/\/upb.ro\/wp-content\/uploads\/2020\/09\/HR_01-36x24.jpg 36w, https:\/\/upb.ro\/wp-content\/uploads\/2020\/09\/HR_01-48x33.jpg 48w, https:\/\/upb.ro\/wp-content\/uploads\/2020\/09\/HR_01.jpg 1423w\" sizes=\"(max-width: 244px) 100vw, 244px\" \/> (UPB) endorsed the principles established in The European Charter for Researchers and the Code of Conduct for the Recruitment of Researchers (C&amp;C).<br \/>\n<!--The university developed an internal GAP analysis and launched a university staff survey regarding the extent to which the specified requirements for each principle are met. Based on the results of this investigation, the University prepared an Action Plan (AP) to fully implement the HRS4R strategy (Human Resources Strategy for Researchers). These activities took place between May 2019 and February 2020.--><\/p>\n<p>On 28 April 2020, UPB submitted the HRS4R strategy to the European Commission to receive the HR Excellence in Research Award. After the Award is received, an initial implementation phase of two years will start. The HR Award is awarded by the European Commission to research institutions that implement a personnel strategy based on the principles of the European Charter for Researchers and the Code of Conduct for the Recruitment of Researchers, thus creating optimal working conditions, professional development opportunities, and transparent recruitment procedures. On 28 April 2019 UPB has started the procedure for the implementation of the Human Resources Strategy for Researchers, in order to obtain the HR Excellence in Research award, by fully endorsing the 40 principles of the European Charter for Researchers and the Code of Conduct for the Recruitment of Researchers.<\/p>\n<p><strong>On September 7th, 2020 our University was granted the \u201dHR Excellence in Research\u201d award.<\/strong><\/p>\n<p>The assessors welcomed the care taken in aligning our institution\u2019s HR practices with those of the Charter and Code principles. The comprehensive analysis and action plan meet all the requirements for the use of the \u2018HR Excellence in research award.<br \/>\nThe award reflects our commitment to continuously improve our human resource policies in line with the European Charter for Researchers and the Code of Conduct for the Recruitment of Researchers, notably the UPB commitment to achieve fair and transparent recruitment and appraisal procedures.<\/p>\n<p>&nbsp;<\/p>\n<p style=\"text-align: center;\"><strong><a href=\"https:\/\/euraxess.ec.europa.eu\/jobs\/hrs4r\">HRS4R &#8211; The Human Resources Strategy for Researchers<\/a><\/strong><\/p>\n<p>[\/vc_column_text][vc_empty_space height=&#8221;5px&#8221;][\/vc_column][\/vc_row][vc_row u_row_style=&#8221;0&#8243; u_row_paralax=&#8221;0&#8243; u_row_scheme=&#8221;0&#8243; kswr_row_top_decor_enabled=&#8221;false&#8221; kswr_row_bottom_decor_enabled=&#8221;false&#8221;][vc_column width=&#8221;1\/2&#8243;]<div data-id=\"mpc_divider-6469d284c303d37\" class=\"mpc-divider-wrap\"><div class=\"mpc-divider mpc-init mpc-align--center \" ><div class=\"mpc-divider__line mpc-side--left\"><span><\/span><\/div><div class=\"mpc-divider__separator\"><div class=\"mpc-divider__content fa fa-object-group\"><\/div><\/div><div class=\"mpc-divider__line mpc-side--right\"><span><\/span><\/div><\/div><\/div>[vc_column_text css_animation=&#8221;none&#8221; css=&#8221;.vc_custom_1662704114760{border-radius: 1px !important;}&#8221; grad_text_color1=&#8221;#333333&#8243;]<\/p>\n<p style=\"text-align: center;\"><strong>The project outputs<\/strong><\/p>\n<table border=\"0\" cellspacing=\"1\" cellpadding=\"1\">\n<tbody>\n<tr>\n<td><strong>1. <a href=\"https:\/\/upb.ro\/wp-content\/uploads\/2020\/03\/Process_UPB_2020_en-1.pdf\" class=\"mtli_attachment mtli_pdf\" target=\"_blank\" rel=\"noopener noreferrer\">The process<\/a><br \/>\n<\/strong><\/td>\n<td><\/td>\n<\/tr>\n<tr>\n<td><strong><span class=\"tlid-translation translation\" lang=\"ro\"><span class=\"\" title=\"\">2. <a href=\"https:\/\/upb.ro\/wp-content\/uploads\/2020\/03\/Action_Plan_UPB_2020_en-1.pdf\" class=\"mtli_attachment mtli_pdf\" target=\"_blank\" rel=\"noopener noreferrer\">Action Plan HRS4R<\/a><\/span><\/span><br \/>\n<\/strong><\/td>\n<td><\/td>\n<\/tr>\n<tr>\n<td><strong><span class=\"tlid-translation translation\" lang=\"ro\"><span class=\"\" title=\"\">3. <a href=\"https:\/\/upb.ro\/wp-content\/uploads\/2020\/03\/20200312-Raport_consultari_ro.pdf\" class=\"mtli_attachment mtli_pdf\" target=\"_blank\" rel=\"noopener noreferrer\">Results of the questionnaire at UPB<\/a><\/span><\/span><br \/>\n<\/strong><\/td>\n<td><\/td>\n<\/tr>\n<tr>\n<td><strong>4. <a href=\"https:\/\/upb.ro\/wp-content\/uploads\/2020\/03\/Gap_analysis_UPB_2020_en-1.pdf\" class=\"mtli_attachment mtli_pdf\" target=\"_blank\" rel=\"noopener noreferrer\">GAP Analysis<\/a><br \/>\n<\/strong><\/td>\n<td><\/td>\n<\/tr>\n<tr>\n<td><strong><strong>5. <a href=\"https:\/\/upb.ro\/wp-content\/uploads\/2020\/03\/OTM-R_UPB_2020-3.pdf\" class=\"mtli_attachment mtli_pdf\" target=\"_blank\" rel=\"noopener noreferrer\">OTM-R checklist (Open, Transparent &amp; Merit-based Recruitment of Researchers)<\/a><br \/>\n<\/strong><\/strong><\/td>\n<td><\/td>\n<\/tr>\n<\/tbody>\n<\/table>\n<p>[\/vc_column_text][\/vc_column][vc_column width=&#8221;1\/2&#8243;]<div data-id=\"mpc_divider-7869d284c303da2\" class=\"mpc-divider-wrap\"><div class=\"mpc-divider mpc-init mpc-align--center \" ><div class=\"mpc-divider__line mpc-side--left\"><span><\/span><\/div><div class=\"mpc-divider__separator\"><div class=\"mpc-divider__content fa fa-hourglass-1\"><\/div><\/div><div class=\"mpc-divider__line mpc-side--right\"><span><\/span><\/div><\/div><\/div>[vc_column_text grad_text_color1=&#8221;#333333&#8243;]<\/p>\n<p style=\"text-align: center;\"><strong>Schedule<\/strong><\/p>\n<table border=\"0\" cellspacing=\"1\" cellpadding=\"1\">\n<tbody>\n<tr>\n<td><strong>Initiation phase<\/strong><\/td>\n<td>November 2018<\/td>\n<\/tr>\n<tr>\n<td><a href=\"https:\/\/upb.ro\/wp-content\/uploads\/2020\/03\/Hotarare-CA_UPB_CRESCDI.pdf\" class=\"mtli_attachment mtli_pdf\" target=\"_blank\" rel=\"noopener noreferrer\"><strong>Decision of CA UPB<\/strong><\/a><\/td>\n<td>April 2019<\/td>\n<\/tr>\n<tr>\n<td><strong><a href=\"https:\/\/upb.ro\/wp-content\/uploads\/2020\/03\/Documente-Notificare-UPB_CE.pdf\" class=\"mtli_attachment mtli_pdf\" target=\"_blank\" rel=\"noopener noreferrer\">CE notification regarding\u00a0 endorsement of HRS4R C&amp;C<\/a><br \/>\n<\/strong><\/td>\n<td>May 2019<\/td>\n<\/tr>\n<tr>\n<td><strong>GAP analysis<\/strong><\/td>\n<td>May 2019<\/td>\n<\/tr>\n<tr>\n<td><strong>Survey<\/strong><\/td>\n<td>2019<\/td>\n<\/tr>\n<tr>\n<td><strong>Action plan<\/strong><\/td>\n<td>March 2020<\/td>\n<\/tr>\n<tr>\n<td><strong>Submission of the GAP analysis and AP to the European Commission<\/strong><\/td>\n<td>April 2020<\/td>\n<\/tr>\n<tr>\n<td><a href=\"https:\/\/upb.ro\/wp-content\/uploads\/2022\/09\/EURAXESS_Consensus_Outcome.pdf\" class=\"mtli_attachment mtli_pdf\"><strong>EURAXES assessment outcome<\/strong><\/a><\/td>\n<td>September 2020<\/td>\n<\/tr>\n<tr>\n<td><strong><span class=\"tlid-translation translation\" lang=\"ro\"><span class=\"\" title=\"\">1st Implementation phase<\/span><\/span><br \/>\n<\/strong><\/td>\n<td>2020 &#8211; 2022<\/td>\n<\/tr>\n<\/tbody>\n<\/table>\n<p><!--1st implementation phase will be evaluated by the European Commission. Based on this evaluation, CTU will elaborate a revised Action Plan for 2021-2024.-->[\/vc_column_text][\/vc_column][\/vc_row][vc_row][vc_column][vc_row_inner][vc_column_inner][vc_column_text grad_text_color1=&#8221;#333333&#8243;]The European Commission will evaluate the first implementation phase and, based on this evaluation, UPB will develop a revised Action Plan for 2022-2025.[\/vc_column_text][\/vc_column_inner][\/vc_row_inner][vc_separator color=&#8221;blue&#8221; border_width=&#8221;2&#8243;]<div data-id=\"mpc_divider-369d284c303de9\" class=\"mpc-divider-wrap\"><div class=\"mpc-divider mpc-init mpc-align--center mpc-disable--left \" ><div class=\"mpc-divider__line mpc-side--left\"><span><\/span><span><\/span><\/div><div class=\"mpc-divider__line mpc-side--right\"><span><\/span><span><\/span><\/div><\/div><\/div>[vc_column_text grad_text_color1=&#8221;#333333&#8243;]<\/p>\n<h3 style=\"text-align: center;\">The Scientific Committee<em><strong>:<\/strong><\/em><\/h3>\n<p>Drago\u0219 NICULAE, Lecturer; Mihai MARICARU, Lecturer; Professor George SERITAN, PhD. Eng.; Cristina GHEORGHE, Lecturer; Professor Virgil DUMBRAV\u0102, PhD. Eng.; Professor Cristian DINC\u0102, PhD. Eng.; Cristian L\u0102Z\u0102ROIU, Lecturer; Liana VU\u021a\u0102, Lecturer; Professor Ioana F\u0102G\u0102R\u0102\u0218AN, PhD. Eng.; Professor Florin POP, PhD. Eng.; Professor Constantin VERTAN, PhD. Eng.; Professor Sever PA\u0218CA, PhD. Eng.; Eduard POPOVICI, Lecturer; Professor Claudius DAN, PhD. Eng.; Marian VLADESCU, Lecturer; Professor Adrian PREDESCU, PhD. Eng.; Cristian Gabriel ALIONTE, Lecturer; Petric\u0103 TURTOI, Lecturer; Gheorghi\u021ba TOMESCU, Lecturer; Robert CIOBANU, Lecturer; Dinu FUIORESCU, Lecturer; Professor Adrian NICOLESCU, PhD. Eng.; masterand engineer Gabriela Marina ENE; Robert IACOB, Lecturer; Professor C\u0103t\u0103lin AMZA, PhD. Eng.; Constantin RADU, Lecturer; Florin BACIU, Lecturer; Alexandra ROTARU, Lecturer; Professor Sorin BIRI\u0218, PhD. Eng.; Roxana Alexandra PETRE, Lecturer; Mircea RO\u0218CA, Lecturer; M\u0103d\u0103lina DUMITRIU, Lecturer; Mihai NICULESCU, Lecturer; Alexandru DOBRE, Lecturer; Cristina OPREA, Lecturer; Octavian Thor PLETER, Lecturer; Professor Sterian D\u0102N\u0102IL\u0102, PhD. Eng.; Casandra Venera PIETREANU, Lecturer; Professor Ionel SIMION, PhD. Eng.; Professor Vasile Iulian ANTONIAC, PhD. Eng.; Marian MICULESCU, Lecturer; Drago\u0219 Florin MARCU, Lecturer; Nicolae \u0218ERBAN, Lecturer; Florentina NICULESCU, Lecturer; Professor Viorel FEROIU, PhD. Eng.; Daniela ISTRATI, Lecturer; Professor Daniela IONITA, PhD. Eng.; Professor Simina STEFAN, PhD. Eng.; Professor C\u0103t\u0103lin ZAHARIA, PhD. Eng.; Professor Anton FICAI, PhD. Eng.; Professor Sorin Costin BILDEA, PhD. Eng.; Andrei VASILATEANU, Lecturer; Alexandru Mitrea DAN, Lecturer; Cristina Mihaela NISTOR, Lecturer; Professor Emil PETRESCU, PhD. Eng.; Antonela TOMA, Lecturer; Alina NI\u021a\u0102 PETRESCU, Lecturer; Cristina C\u00ceRTOAJE, Lecturer; Professor Izabela STANCU, PhD. Eng.; Professor Georgeta VOICU, PhD. Eng.; Alina MACHEDON, Lecturer; Adrian IONESCU, Eng.; Assistant Eng. Iustina Cristina COSTEA MARCU; Natalia MANEA, Lecturer; R\u0103zvan DOBRESCU, Lecturer.[\/vc_column_text]<div data-id=\"mpc_divider-2969d284c303e3e\" class=\"mpc-divider-wrap\"><div class=\"mpc-divider mpc-init mpc-align--center mpc-disable--left \" ><div class=\"mpc-divider__line mpc-side--left\"><span><\/span><span><\/span><\/div><div class=\"mpc-divider__line mpc-side--right\"><span><\/span><span><\/span><\/div><\/div><\/div>[vc_column_text grad_text_color1=&#8221;#333333&#8243;]<\/p>\n<h3 style=\"text-align: center;\"><strong><em>Members of the HR Award working group:<\/em><\/strong><\/h3>\n<p>Director Dana GHEORGHE, CS II; Professor Ciprian DOBRE, PhD Eng.; Professor Florin POP, PhD Eng.; Professor Alexandru MARIN, Radu-Ioan CIOBANU, Lecturer; Mihai CARABA\u0218, Lecturer; Professor Gabriel DIMA, PhD Eng.; PhD Eng.; Laura BOAN\u021a\u0102, IPR expert; Professor Manuela EPURE, PhD; Professor Cr\u0103i\u021ba CARP-CIOC\u00c2RDIA, PhD Eng.; Sanda OSICEANU, Head of the Department for Management of Scientific Research Activity; Andreea HODREA, Head of Legal Office; Irina CERBULESCU, Legal expert; Loredana MANASIA, Learning and training specialist; Ana VOICHI\u021aA TEBEANU, Research advisor; Diana POPA, Research advisor; Andrei P\u00c2RVAN, Research advisor; Ovidiu CONEA, Human resources expert; Luciana MIHAI, Head of the Department of International Relations; Florentina Alina BORCO\u0218, Advisor for Structural Funds; Mihaela TOMA, Advisor for Structural Funds, Cristina F\u0102IN\u0102, International relations expert; Oana Daniela BUGAN, International relations expert; Alin-Marius MATEI, Public relations expert.[\/vc_column_text][vc_row_inner][vc_column_inner]<div data-id=\"mpc_divider-4169d284c303e80\" class=\"mpc-divider-wrap\"><div class=\"mpc-divider mpc-init mpc-align--center mpc-disable--left \" ><div class=\"mpc-divider__line mpc-side--left\"><span><\/span><span><\/span><\/div><div class=\"mpc-divider__line mpc-side--right\"><span><\/span><span><\/span><\/div><\/div><\/div>[vc_column_text grad_text_color1=&#8221;#333333&#8243;]<\/p>\n<h3 style=\"text-align: center;\"><strong><em>Project director:<\/em><\/strong><\/h3>\n<p style=\"text-align: center;\">Tudor PRISECARU, PhD, Vice-rector for Scientific Research at UPB<\/p>\n<p>[\/vc_column_text][\/vc_column_inner][\/vc_row_inner][vc_row_inner][vc_column_inner][vc_column_text grad_text_color1=&#8221;#333333&#8243;]The project receives support from the state budget through the project \u201e Supporting the increase of the institutional research capacity of the Polytechnic University of Bucharest &#8211; CRESCDI\u201d (contract no. 25PFE\/17.10.2018) funded by the RDI National Plan III \u2013 Programme &#8220;Development of institutional capacity &#8220;of the Ministry of Research and Innovation. Of the three main activities supported by the CRESCDI project, one is dedicated to the strategic management of the research organization under the terms set forth in the HR Award. The project will be carried out between November 2018 &#8211; November 2020 and is coordinated by Tudor PRISECARU, Ph.D., Vice-rector for Scientific Research at UPB.[\/vc_column_text][\/vc_column_inner][\/vc_row_inner][\/vc_column][\/vc_row]<\/p>\n<\/div>","protected":false},"excerpt":{"rendered":"<p>[vc_row][vc_column][vc_column_text grad_text_color1=&#8221;#333333&#8243;]In 2019, the University POLITEHNICA of Bucharest (UPB) endorsed the principles established in The European Charter for Researchers and the Code of Conduct for the Recruitment of Researchers (C&amp;C). On 28 April 2020, UPB submitted the HRS4R strategy to the European Commission to receive the HR Excellence in Research Award. After the Award is<\/p>\n","protected":false},"author":5,"featured_media":0,"parent":0,"menu_order":0,"comment_status":"closed","ping_status":"closed","template":"","meta":{"footnotes":""},"categories":[197],"tags":[],"class_list":["post-36865","page","type-page","status-publish","hentry","category-research","description-off"],"_links":{"self":[{"href":"https:\/\/upb.ro\/en\/wp-json\/wp\/v2\/pages\/36865","targetHints":{"allow":["GET"]}}],"collection":[{"href":"https:\/\/upb.ro\/en\/wp-json\/wp\/v2\/pages"}],"about":[{"href":"https:\/\/upb.ro\/en\/wp-json\/wp\/v2\/types\/page"}],"author":[{"embeddable":true,"href":"https:\/\/upb.ro\/en\/wp-json\/wp\/v2\/users\/5"}],"replies":[{"embeddable":true,"href":"https:\/\/upb.ro\/en\/wp-json\/wp\/v2\/comments?post=36865"}],"version-history":[{"count":13,"href":"https:\/\/upb.ro\/en\/wp-json\/wp\/v2\/pages\/36865\/revisions"}],"predecessor-version":[{"id":97858,"href":"https:\/\/upb.ro\/en\/wp-json\/wp\/v2\/pages\/36865\/revisions\/97858"}],"wp:attachment":[{"href":"https:\/\/upb.ro\/en\/wp-json\/wp\/v2\/media?parent=36865"}],"wp:term":[{"taxonomy":"category","embeddable":true,"href":"https:\/\/upb.ro\/en\/wp-json\/wp\/v2\/categories?post=36865"},{"taxonomy":"post_tag","embeddable":true,"href":"https:\/\/upb.ro\/en\/wp-json\/wp\/v2\/tags?post=36865"}],"curies":[{"name":"wp","href":"https:\/\/api.w.org\/{rel}","templated":true}]}}