{"id":14825,"date":"2018-08-22T19:35:59","date_gmt":"2018-08-22T16:35:59","guid":{"rendered":"https:\/\/upb.ro\/student-organizations\/"},"modified":"2018-08-22T19:36:27","modified_gmt":"2018-08-22T16:36:27","slug":"student-organizations","status":"publish","type":"page","link":"https:\/\/upb.ro\/en\/student-organizations\/","title":{"rendered":"Student Organizations"},"content":{"rendered":"<div class=\"wpb-content-wrapper\"><p>[vc_row][vc_column][vc_column_text]Time as a student is the period when a young person\u2019s life develops various colours. New horizons open up and opportunities arise that only students have the chance to experience. Of course, helped by the age-specific enthusiasm and the choices you make, you have the opportunity to take advantage of this period of life for both your own well-being and the society in which you live.<\/p>\n<p>Being active in an NGO is perhaps the best and easiest way to gain experience in the areas you are interested in and of course training or developing the existing skills.<\/p>\n<p>Student Non-Governmental Organizations are institutions and social structures made of students with the same set of interests and motivations. In Romania, there are a multitude of such associations especially dedicated to students who can help you spend your spare time in a productive way. Choosing one of these relies solely on aspirations, preferences, priorities, and how you want to live and work.<\/p>\n<p>Another reason to work in a student NGO is to gain the experience required for any job. Experience (in the field studied and not only) is perhaps the most important part of these years of transition between the learning and the work stage. With the help of organizations, you can learn the mechanisms underlying your area of interests, and the advantage is that this happens earlier than it would normally do.<\/p>\n<p>As you well know, volunteer work is pro bono, so that the value of work done is based on your own initiative and the simple desire to engage in activities.<\/p>\n<p>When the motivations are the same, a connection is born between people, and the events and actions you will share together can be unrepeatable experiences. In the end, volunteering is a personal experience and is one of the first steps a student can go through to be prepared to go out into the big world.<\/p>\n<p>[\/vc_column_text][vc_column_text]\n<table id=\"tablepress-18\" class=\"tablepress tablepress-id-18\">\n<tbody class=\"row-striping\">\n<tr class=\"row-1\">\n\t<td class=\"column-1\"><a href=\"http:\/\/www.asaff.ro\/\" rel=\"noopener\" target=\"_blank\">ASAFF - Asocia\u0163ia Studen\u0163ilor si Absolven\u0163ilor Filierei Francofone<\/a><\/td><td class=\"column-2\"><img decoding=\"async\" src=\"http:\/\/upb.ro\/wp-content\/uploads\/2017\/11\/logo-asaff-upb-1.jpg\" alt=\"logo asaff upb (1)\" width=\"100\" height=\"100\" class=\"size-full wp-image-7167\" srcset=\"https:\/\/upb.ro\/wp-content\/uploads\/2017\/11\/logo-asaff-upb-1.jpg 100w, https:\/\/upb.ro\/wp-content\/uploads\/2017\/11\/logo-asaff-upb-1-50x50.jpg 50w, https:\/\/upb.ro\/wp-content\/uploads\/2017\/11\/logo-asaff-upb-1-80x80.jpg 80w, https:\/\/upb.ro\/wp-content\/uploads\/2017\/11\/logo-asaff-upb-1-64x64.jpg 64w, https:\/\/upb.ro\/wp-content\/uploads\/2017\/11\/logo-asaff-upb-1-48x48.jpg 48w, https:\/\/upb.ro\/wp-content\/uploads\/2017\/11\/logo-asaff-upb-1-52x52.jpg 52w\" sizes=\"(max-width: 100px) 100vw, 100px\" \/><\/td>\n<\/tr>\n<tr class=\"row-2\">\n\t<td class=\"column-1\"><a href=\"http:\/\/aseb.ro\/\" rel=\"noopener\" target=\"_blank\">ASEB - Asociatia Studentilor si Elevilor Basarabeni<\/a><\/td><td class=\"column-2\"><img decoding=\"async\" src=\"http:\/\/upb.ro\/wp-content\/uploads\/2017\/11\/aseb-1.jpg\" alt=\"\" width=\"100\" height=\"100\" class=\"aligncenter size-full wp-image-7175\" srcset=\"https:\/\/upb.ro\/wp-content\/uploads\/2017\/11\/aseb-1.jpg 100w, https:\/\/upb.ro\/wp-content\/uploads\/2017\/11\/aseb-1-50x50.jpg 50w, https:\/\/upb.ro\/wp-content\/uploads\/2017\/11\/aseb-1-80x80.jpg 80w, https:\/\/upb.ro\/wp-content\/uploads\/2017\/11\/aseb-1-64x64.jpg 64w, https:\/\/upb.ro\/wp-content\/uploads\/2017\/11\/aseb-1-48x48.jpg 48w, https:\/\/upb.ro\/wp-content\/uploads\/2017\/11\/aseb-1-52x52.jpg 52w\" sizes=\"(max-width: 100px) 100vw, 100px\" \/><\/td>\n<\/tr>\n<tr class=\"row-3\">\n\t<td class=\"column-1\">ASFE - Asociatia Studentilor din Facultatea de Energetica<\/td><td class=\"column-2\"><img decoding=\"async\" src=\"http:\/\/upb.ro\/wp-content\/uploads\/2017\/11\/asfe2-1.jpg\" alt=\"\" width=\"210\" height=\"100\" class=\"aligncenter size-full wp-image-7185\" srcset=\"https:\/\/upb.ro\/wp-content\/uploads\/2017\/11\/asfe2-1.jpg 210w, https:\/\/upb.ro\/wp-content\/uploads\/2017\/11\/asfe2-1-64x30.jpg 64w, https:\/\/upb.ro\/wp-content\/uploads\/2017\/11\/asfe2-1-48x23.jpg 48w, https:\/\/upb.ro\/wp-content\/uploads\/2017\/11\/asfe2-1-52x25.jpg 52w\" sizes=\"(max-width: 210px) 100vw, 210px\" \/><\/td>\n<\/tr>\n<tr class=\"row-4\">\n\t<td class=\"column-1\"><a href=\"http:\/\/www.asimst.ro\/\" rel=\"noopener\" target=\"_blank\">ASIMST- Asociatia Studentilor din Facultatea de Ingineria si Managementul Sistemelor Tehnologice  <\/a><\/td><td class=\"column-2\"><img decoding=\"async\" src=\"http:\/\/upb.ro\/wp-content\/uploads\/2017\/11\/imst-at-1.jpg\" alt=\"\" width=\"100\" height=\"100\" class=\"aligncenter size-full wp-image-7191\" srcset=\"https:\/\/upb.ro\/wp-content\/uploads\/2017\/11\/imst-at-1.jpg 100w, https:\/\/upb.ro\/wp-content\/uploads\/2017\/11\/imst-at-1-50x50.jpg 50w, https:\/\/upb.ro\/wp-content\/uploads\/2017\/11\/imst-at-1-80x80.jpg 80w, https:\/\/upb.ro\/wp-content\/uploads\/2017\/11\/imst-at-1-64x64.jpg 64w, https:\/\/upb.ro\/wp-content\/uploads\/2017\/11\/imst-at-1-48x48.jpg 48w, https:\/\/upb.ro\/wp-content\/uploads\/2017\/11\/imst-at-1-52x52.jpg 52w\" sizes=\"(max-width: 100px) 100vw, 100px\" \/><\/td>\n<\/tr>\n<tr class=\"row-5\">\n\t<td class=\"column-1\">ASISB- Asociatia Studentilor din Facultatea de Ingineria al Sistemelor Biotehnice<\/td><td class=\"column-2\"><img decoding=\"async\" src=\"http:\/\/upb.ro\/wp-content\/uploads\/2017\/11\/asisb-upb-1.jpg\" alt=\"\" width=\"100\" height=\"100\" class=\"aligncenter size-full wp-image-7195\" srcset=\"https:\/\/upb.ro\/wp-content\/uploads\/2017\/11\/asisb-upb-1.jpg 100w, https:\/\/upb.ro\/wp-content\/uploads\/2017\/11\/asisb-upb-1-50x50.jpg 50w, https:\/\/upb.ro\/wp-content\/uploads\/2017\/11\/asisb-upb-1-80x80.jpg 80w, https:\/\/upb.ro\/wp-content\/uploads\/2017\/11\/asisb-upb-1-64x64.jpg 64w, https:\/\/upb.ro\/wp-content\/uploads\/2017\/11\/asisb-upb-1-48x48.jpg 48w, https:\/\/upb.ro\/wp-content\/uploads\/2017\/11\/asisb-upb-1-52x52.jpg 52w\" sizes=\"(max-width: 100px) 100vw, 100px\" \/><\/td>\n<\/tr>\n<tr class=\"row-6\">\n\t<td class=\"column-1\"><a href=\"http:\/\/aspoli.ro\/\" rel=\"noopener\" target=\"_blank\">ASPOLI -Asociatia Studentilor din Universitatea Politehnica Bucuresti<\/a><\/td><td class=\"column-2\"><img decoding=\"async\" src=\"http:\/\/upb.ro\/wp-content\/uploads\/2017\/11\/aspoli-upb-1.jpg\" alt=\"\" width=\"100\" height=\"100\" class=\"aligncenter size-full wp-image-7209\" srcset=\"https:\/\/upb.ro\/wp-content\/uploads\/2017\/11\/aspoli-upb-1.jpg 100w, https:\/\/upb.ro\/wp-content\/uploads\/2017\/11\/aspoli-upb-1-50x50.jpg 50w, https:\/\/upb.ro\/wp-content\/uploads\/2017\/11\/aspoli-upb-1-80x80.jpg 80w, https:\/\/upb.ro\/wp-content\/uploads\/2017\/11\/aspoli-upb-1-64x64.jpg 64w, https:\/\/upb.ro\/wp-content\/uploads\/2017\/11\/aspoli-upb-1-48x48.jpg 48w, https:\/\/upb.ro\/wp-content\/uploads\/2017\/11\/aspoli-upb-1-52x52.jpg 52w\" sizes=\"(max-width: 100px) 100vw, 100px\" \/><\/td>\n<\/tr>\n<tr class=\"row-7\">\n\t<td class=\"column-1\">ASTR -Asociatia Studentilor Tatari din Romania<\/td><td class=\"column-2\"><img decoding=\"async\" src=\"http:\/\/upb.ro\/wp-content\/uploads\/2017\/11\/upb-astr-1.jpg\" alt=\"\" width=\"100\" height=\"100\" class=\"aligncenter size-full wp-image-7212\" srcset=\"https:\/\/upb.ro\/wp-content\/uploads\/2017\/11\/upb-astr-1.jpg 100w, https:\/\/upb.ro\/wp-content\/uploads\/2017\/11\/upb-astr-1-50x50.jpg 50w, https:\/\/upb.ro\/wp-content\/uploads\/2017\/11\/upb-astr-1-80x80.jpg 80w, https:\/\/upb.ro\/wp-content\/uploads\/2017\/11\/upb-astr-1-64x64.jpg 64w, https:\/\/upb.ro\/wp-content\/uploads\/2017\/11\/upb-astr-1-48x48.jpg 48w, https:\/\/upb.ro\/wp-content\/uploads\/2017\/11\/upb-astr-1-52x52.jpg 52w\" sizes=\"(max-width: 100px) 100vw, 100px\" \/><\/td>\n<\/tr>\n<tr class=\"row-8\">\n\t<td class=\"column-1\"><a href=\"http:\/\/www.bestbucuresti.ro\/\" rel=\"noopener\" target=\"_blank\">BEST - Board of European Students of Technology<\/a><\/td><td class=\"column-2\"><img decoding=\"async\" src=\"http:\/\/upb.ro\/wp-content\/uploads\/2017\/11\/upb-best-bucharest-1.jpg\" alt=\"\" width=\"100\" height=\"100\" class=\"aligncenter size-full wp-image-7216\" srcset=\"https:\/\/upb.ro\/wp-content\/uploads\/2017\/11\/upb-best-bucharest-1.jpg 100w, https:\/\/upb.ro\/wp-content\/uploads\/2017\/11\/upb-best-bucharest-1-50x50.jpg 50w, https:\/\/upb.ro\/wp-content\/uploads\/2017\/11\/upb-best-bucharest-1-80x80.jpg 80w, https:\/\/upb.ro\/wp-content\/uploads\/2017\/11\/upb-best-bucharest-1-64x64.jpg 64w, https:\/\/upb.ro\/wp-content\/uploads\/2017\/11\/upb-best-bucharest-1-48x48.jpg 48w, https:\/\/upb.ro\/wp-content\/uploads\/2017\/11\/upb-best-bucharest-1-52x52.jpg 52w\" sizes=\"(max-width: 100px) 100vw, 100px\" \/><\/td>\n<\/tr>\n<tr class=\"row-9\">\n\t<td class=\"column-1\"><a href=\"https:\/\/eestec.ro\/\" rel=\"noopener\" target=\"_blank\">EESTEC - TheElectrical EngineeringSTudents' European AssoCiation<\/a><\/td><td class=\"column-2\"><img decoding=\"async\" src=\"http:\/\/upb.ro\/wp-content\/uploads\/2017\/11\/eestec-1.jpg\" alt=\"\" width=\"100\" height=\"100\" class=\"aligncenter size-full wp-image-7220\" srcset=\"https:\/\/upb.ro\/wp-content\/uploads\/2017\/11\/eestec-1.jpg 100w, https:\/\/upb.ro\/wp-content\/uploads\/2017\/11\/eestec-1-50x50.jpg 50w, https:\/\/upb.ro\/wp-content\/uploads\/2017\/11\/eestec-1-80x80.jpg 80w, https:\/\/upb.ro\/wp-content\/uploads\/2017\/11\/eestec-1-64x64.jpg 64w, https:\/\/upb.ro\/wp-content\/uploads\/2017\/11\/eestec-1-48x48.jpg 48w, https:\/\/upb.ro\/wp-content\/uploads\/2017\/11\/eestec-1-52x52.jpg 52w\" sizes=\"(max-width: 100px) 100vw, 100px\" \/><\/td>\n<\/tr>\n<tr class=\"row-10\">\n\t<td class=\"column-1\"><a href=\"http:\/\/euroavia-bucuresti.ro\/\" rel=\"noopener\" target=\"_blank\">EUROAVIA - Europeean Association of Aerospace Students<\/a><\/td><td class=\"column-2\"><img decoding=\"async\" src=\"http:\/\/upb.ro\/wp-content\/uploads\/2017\/11\/EUROAVIA-UPB-1.jpg\" alt=\"\" width=\"100\" height=\"100\" class=\"aligncenter size-full wp-image-7225\" srcset=\"https:\/\/upb.ro\/wp-content\/uploads\/2017\/11\/EUROAVIA-UPB-1.jpg 100w, https:\/\/upb.ro\/wp-content\/uploads\/2017\/11\/EUROAVIA-UPB-1-50x50.jpg 50w, https:\/\/upb.ro\/wp-content\/uploads\/2017\/11\/EUROAVIA-UPB-1-80x80.jpg 80w, https:\/\/upb.ro\/wp-content\/uploads\/2017\/11\/EUROAVIA-UPB-1-64x64.jpg 64w, https:\/\/upb.ro\/wp-content\/uploads\/2017\/11\/EUROAVIA-UPB-1-48x48.jpg 48w, https:\/\/upb.ro\/wp-content\/uploads\/2017\/11\/EUROAVIA-UPB-1-52x52.jpg 52w\" sizes=\"(max-width: 100px) 100vw, 100px\" \/><\/td>\n<\/tr>\n<tr class=\"row-11\">\n\t<td class=\"column-1\"><a href=\"http:\/\/lsacbucuresti.ro\/\" rel=\"noopener\" target=\"_blank\">LSAC - Liga Studentilor din Facultatea de Automatica si Calculatoare<\/a><\/td><td class=\"column-2\"><img decoding=\"async\" src=\"http:\/\/upb.ro\/wp-content\/uploads\/2017\/11\/lsac-1.jpg\" alt=\"\" width=\"196\" height=\"100\" class=\"aligncenter size-full wp-image-7227\" srcset=\"https:\/\/upb.ro\/wp-content\/uploads\/2017\/11\/lsac-1.jpg 196w, https:\/\/upb.ro\/wp-content\/uploads\/2017\/11\/lsac-1-64x33.jpg 64w, https:\/\/upb.ro\/wp-content\/uploads\/2017\/11\/lsac-1-48x24.jpg 48w, https:\/\/upb.ro\/wp-content\/uploads\/2017\/11\/lsac-1-52x27.jpg 52w\" sizes=\"(max-width: 196px) 100vw, 196px\" \/><\/td>\n<\/tr>\n<tr class=\"row-12\">\n\t<td class=\"column-1\"><a href=\"http:\/\/studentibucuresti.ro\/\" rel=\"noopener\" target=\"_blank\">LSB - Liga Studentilor din Bucuresti<\/a><\/td><td class=\"column-2\"><img decoding=\"async\" src=\"http:\/\/upb.ro\/wp-content\/uploads\/2017\/11\/upb-lsd-1.jpg\" alt=\"\" width=\"100\" height=\"100\" class=\"aligncenter size-full wp-image-7230\" srcset=\"https:\/\/upb.ro\/wp-content\/uploads\/2017\/11\/upb-lsd-1.jpg 100w, https:\/\/upb.ro\/wp-content\/uploads\/2017\/11\/upb-lsd-1-50x50.jpg 50w, https:\/\/upb.ro\/wp-content\/uploads\/2017\/11\/upb-lsd-1-80x80.jpg 80w, https:\/\/upb.ro\/wp-content\/uploads\/2017\/11\/upb-lsd-1-64x64.jpg 64w, https:\/\/upb.ro\/wp-content\/uploads\/2017\/11\/upb-lsd-1-48x48.jpg 48w, https:\/\/upb.ro\/wp-content\/uploads\/2017\/11\/upb-lsd-1-52x52.jpg 52w\" sizes=\"(max-width: 100px) 100vw, 100px\" \/><\/td>\n<\/tr>\n<tr class=\"row-13\">\n\t<td class=\"column-1\"><a href=\"http:\/\/www.lse.org.ro\/\" rel=\"noopener\" target=\"_blank\">LSE - Liga Studentilor Electronisti<\/a><\/td><td class=\"column-2\"><img decoding=\"async\" src=\"http:\/\/upb.ro\/wp-content\/uploads\/2017\/11\/upblse-1.jpg\" alt=\"\" width=\"100\" height=\"100\" class=\"aligncenter size-full wp-image-7234\" srcset=\"https:\/\/upb.ro\/wp-content\/uploads\/2017\/11\/upblse-1.jpg 100w, https:\/\/upb.ro\/wp-content\/uploads\/2017\/11\/upblse-1-50x50.jpg 50w, https:\/\/upb.ro\/wp-content\/uploads\/2017\/11\/upblse-1-80x80.jpg 80w, https:\/\/upb.ro\/wp-content\/uploads\/2017\/11\/upblse-1-64x64.jpg 64w, https:\/\/upb.ro\/wp-content\/uploads\/2017\/11\/upblse-1-48x48.jpg 48w, https:\/\/upb.ro\/wp-content\/uploads\/2017\/11\/upblse-1-52x52.jpg 52w\" sizes=\"(max-width: 100px) 100vw, 100px\" \/><\/td>\n<\/tr>\n<tr class=\"row-14\">\n\t<td class=\"column-1\"><a href=\"https:\/\/www.facebook.com\/ASChPOLI\/\" rel=\"noopener\" target=\"_blank\">Asocia\u021bia Studen\u021bilor Chimi\u0219ti POLI<\/a><\/td><td class=\"column-2\"><img decoding=\"async\" src=\"https:\/\/upb.ro\/wp-content\/uploads\/2021\/11\/chimie.jpg\" alt=\"\" width=\"100\" height=\"100\" class=\"aligncenter size-full wp-image-7236\" \/><\/td>\n<\/tr>\n<tr class=\"row-15\">\n\t<td class=\"column-1\">OST - Organizatia Studentilor din Facultatea de Transporturi<\/td><td class=\"column-2\"><img decoding=\"async\" src=\"http:\/\/upb.ro\/wp-content\/uploads\/2017\/11\/OST-UPB-1.jpg\" alt=\"\" width=\"100\" height=\"100\" class=\"aligncenter size-full wp-image-7238\" srcset=\"https:\/\/upb.ro\/wp-content\/uploads\/2017\/11\/OST-UPB-1.jpg 100w, https:\/\/upb.ro\/wp-content\/uploads\/2017\/11\/OST-UPB-1-50x50.jpg 50w, https:\/\/upb.ro\/wp-content\/uploads\/2017\/11\/OST-UPB-1-80x80.jpg 80w, https:\/\/upb.ro\/wp-content\/uploads\/2017\/11\/OST-UPB-1-64x64.jpg 64w, https:\/\/upb.ro\/wp-content\/uploads\/2017\/11\/OST-UPB-1-48x48.jpg 48w, https:\/\/upb.ro\/wp-content\/uploads\/2017\/11\/OST-UPB-1-52x52.jpg 52w\" sizes=\"(max-width: 100px) 100vw, 100px\" \/><\/td>\n<\/tr>\n<tr class=\"row-16\">\n\t<td class=\"column-1\"><a href=\"http:\/\/www.rosedu.org\/\" rel=\"noopener\" target=\"_blank\">ROSEDU - Romanian Open Source Education<\/a><\/td><td class=\"column-2\"><img decoding=\"async\" src=\"http:\/\/upb.ro\/wp-content\/uploads\/2017\/11\/ROSEEDU-1.jpg\" alt=\"\" width=\"100\" height=\"100\" class=\"aligncenter size-full wp-image-7240\" srcset=\"https:\/\/upb.ro\/wp-content\/uploads\/2017\/11\/ROSEEDU-1.jpg 100w, https:\/\/upb.ro\/wp-content\/uploads\/2017\/11\/ROSEEDU-1-50x50.jpg 50w, https:\/\/upb.ro\/wp-content\/uploads\/2017\/11\/ROSEEDU-1-80x80.jpg 80w, https:\/\/upb.ro\/wp-content\/uploads\/2017\/11\/ROSEEDU-1-64x64.jpg 64w, https:\/\/upb.ro\/wp-content\/uploads\/2017\/11\/ROSEEDU-1-48x48.jpg 48w, https:\/\/upb.ro\/wp-content\/uploads\/2017\/11\/ROSEEDU-1-52x52.jpg 52w\" sizes=\"(max-width: 100px) 100vw, 100px\" \/><\/td>\n<\/tr>\n<tr class=\"row-17\">\n\t<td class=\"column-1\">Asocia\u0163ia Medical Engineering Developmen<a href=\"http:\/\/med.ngo\/\" rel=\"noopener\" target=\"_blank\">Asocia\u0163ia Medical Engineering Development MED<\/a><\/td><td class=\"column-2\"><img decoding=\"async\" src=\"http:\/\/upb.ro\/wp-content\/uploads\/2017\/11\/med-1.jpg\" alt=\"\" width=\"100\" height=\"100\" class=\"aligncenter size-full wp-image-7245\" srcset=\"https:\/\/upb.ro\/wp-content\/uploads\/2017\/11\/med-1.jpg 100w, https:\/\/upb.ro\/wp-content\/uploads\/2017\/11\/med-1-50x50.jpg 50w, https:\/\/upb.ro\/wp-content\/uploads\/2017\/11\/med-1-80x80.jpg 80w, https:\/\/upb.ro\/wp-content\/uploads\/2017\/11\/med-1-64x64.jpg 64w, https:\/\/upb.ro\/wp-content\/uploads\/2017\/11\/med-1-48x48.jpg 48w, https:\/\/upb.ro\/wp-content\/uploads\/2017\/11\/med-1-52x52.jpg 52w\" sizes=\"(max-width: 100px) 100vw, 100px\" \/><\/td>\n<\/tr>\n<tr class=\"row-18\">\n\t<td class=\"column-1\"><a href=\"http:\/\/www.unsr.ro\/\" rel=\"noopener\" target=\"_blank\">UNSR - Uniunea Nationala a Studentilor din Romania<\/a><\/td><td class=\"column-2\"><img decoding=\"async\" src=\"http:\/\/upb.ro\/wp-content\/uploads\/2017\/11\/unsr.png\" alt=\"\" width=\"210\" height=\"54\" class=\"aligncenter size-full wp-image-7243\" srcset=\"https:\/\/upb.ro\/wp-content\/uploads\/2017\/11\/unsr.png 210w, https:\/\/upb.ro\/wp-content\/uploads\/2017\/11\/unsr-64x16.png 64w, https:\/\/upb.ro\/wp-content\/uploads\/2017\/11\/unsr-48x12.png 48w, https:\/\/upb.ro\/wp-content\/uploads\/2017\/11\/unsr-52x13.png 52w\" sizes=\"(max-width: 210px) 100vw, 210px\" \/><\/td>\n<\/tr>\n<tr class=\"row-19\">\n\t<td class=\"column-1\"><a href=\"http:\/\/www.asie.ro\" rel=\"noopener\" target=\"_blank\">Asociatia Studentilor din Inginerie Electrica<\/a><\/td><td class=\"column-2\"><img decoding=\"async\" src=\"https:\/\/upb.ro\/wp-content\/uploads\/2017\/11\/asie-upb-1.jpg\" alt=\"\" width=\"272\" height=\"100\" class=\"alignnone size-full wp-image-9406\" srcset=\"https:\/\/upb.ro\/wp-content\/uploads\/2017\/11\/asie-upb-1.jpg 272w, https:\/\/upb.ro\/wp-content\/uploads\/2017\/11\/asie-upb-1-255x94.jpg 255w, https:\/\/upb.ro\/wp-content\/uploads\/2017\/11\/asie-upb-1-64x24.jpg 64w, https:\/\/upb.ro\/wp-content\/uploads\/2017\/11\/asie-upb-1-48x18.jpg 48w, https:\/\/upb.ro\/wp-content\/uploads\/2017\/11\/asie-upb-1-52x19.jpg 52w\" sizes=\"(max-width: 272px) 100vw, 272px\" \/><\/td>\n<\/tr>\n<tr class=\"row-20\">\n\t<td class=\"column-1\"><a href=\"https:\/\/www.facebook.com\/assimofficial\/\" rel=\"noopener\" target=\"_blank\">ASSIM - Asociatia Studentilor din Facultatea de Stiinta si Ingineria Materialelor<\/a><\/td><td class=\"column-2\"><img decoding=\"async\" src=\"https:\/\/upb.ro\/wp-content\/uploads\/2018\/08\/assim-1.jpg\" alt=\"Best Bucuresti\" width=\"200\" height=\"102\" \/><\/td>\n<\/tr>\n<tr class=\"row-21\">\n\t<td class=\"column-1\"><a href=\"https:\/\/www.facebook.com\/AcsuPoliBucuresti\/\" rel=\"noopener\" target=\"_blank\">Asocia\u021bia Club Sportiv Unirea Politehnica (ACSU POLI)<\/a><\/td><td class=\"column-2\"><img decoding=\"async\" src=\"https:\/\/upb.ro\/wp-content\/uploads\/2017\/11\/upb-acs-poli.jpg\" alt=\"ACSU Poli Bucure\u0219ti\" width=\"200\" height=\"102\" \/><\/td>\n<\/tr>\n<\/tbody>\n<\/table>\n<\/p>\n<p>[\/vc_column_text][\/vc_column][\/vc_row]<\/p>\n<\/div>","protected":false},"excerpt":{"rendered":"<p>[vc_row][vc_column][vc_column_text]Time as a student is the period when a young person\u2019s life develops various colours. New horizons open up and opportunities arise that only students have the chance to experience. Of course, helped by the age-specific enthusiasm and the choices you make, you have the opportunity to take advantage of this period of life for<\/p>\n","protected":false},"author":5,"featured_media":0,"parent":0,"menu_order":0,"comment_status":"closed","ping_status":"closed","template":"","meta":{"footnotes":""},"categories":[194],"tags":[],"class_list":["post-14825","page","type-page","status-publish","hentry","category-students","description-off"],"_links":{"self":[{"href":"https:\/\/upb.ro\/en\/wp-json\/wp\/v2\/pages\/14825","targetHints":{"allow":["GET"]}}],"collection":[{"href":"https:\/\/upb.ro\/en\/wp-json\/wp\/v2\/pages"}],"about":[{"href":"https:\/\/upb.ro\/en\/wp-json\/wp\/v2\/types\/page"}],"author":[{"embeddable":true,"href":"https:\/\/upb.ro\/en\/wp-json\/wp\/v2\/users\/5"}],"replies":[{"embeddable":true,"href":"https:\/\/upb.ro\/en\/wp-json\/wp\/v2\/comments?post=14825"}],"version-history":[{"count":0,"href":"https:\/\/upb.ro\/en\/wp-json\/wp\/v2\/pages\/14825\/revisions"}],"wp:attachment":[{"href":"https:\/\/upb.ro\/en\/wp-json\/wp\/v2\/media?parent=14825"}],"wp:term":[{"taxonomy":"category","embeddable":true,"href":"https:\/\/upb.ro\/en\/wp-json\/wp\/v2\/categories?post=14825"},{"taxonomy":"post_tag","embeddable":true,"href":"https:\/\/upb.ro\/en\/wp-json\/wp\/v2\/tags?post=14825"}],"curies":[{"name":"wp","href":"https:\/\/api.w.org\/{rel}","templated":true}]}}