{"id":14643,"date":"2018-08-22T18:59:50","date_gmt":"2018-08-22T15:59:50","guid":{"rendered":"https:\/\/upb.ro\/upb-senate\/senate-committees\/"},"modified":"2018-08-22T18:59:51","modified_gmt":"2018-08-22T15:59:51","slug":"senate-committees","status":"publish","type":"page","link":"https:\/\/upb.ro\/en\/upb-senate\/senate-committees\/","title":{"rendered":"Senate Committees"},"content":{"rendered":"<div class=\"wpb-content-wrapper\"><p>[vc_row][vc_column][vc_column_text]<\/p>\n<h1 style=\"text-align: center;\"><strong>SENATE COMMITTEES<br \/>\n<\/strong><\/h1>\n<p>[\/vc_column_text]<div id=\"mpc_accordion-2669f61a60ac233\" class=\"mpc-accordion mpc-init mpc-transition mpc-accordion--toggle mpc-accordion--indent mpc-accordion--indent \" ><ul class=\"mpc-accordion__content\"><li class=\"mpc-accordion__item \"><div class=\"mpc-accordion-item__heading mpc-transition\"><div data-id=\"mpc_icon-6169f61a60ac210\" class=\"mpc-icon mpc-init mpc-transition mpc-effect-none mpc-icon-hover \"><div class=\"mpc-icon-wrap\"><i class=\"mpc-icon-part mpc-regular mpc-transition  fa fa-users\"><\/i><i class=\"mpc-icon-part mpc-hover mpc-transition  fa fa-users\"><\/i><\/div><\/div><h3>Comisia pentru PROGRAMELE DE STUDII DE LICEN\u021a\u0102<\/h3><\/div><div class=\"mpc-accordion-item__content mpc-container\" ><div class=\"mpc-accordion-item__indent\"><div data-id=\"mpc_icon-6169f61a60ac210\" class=\"mpc-icon mpc-init mpc-transition mpc-effect-none mpc-icon-hover \"><div class=\"mpc-icon-wrap\"><i class=\"mpc-icon-part mpc-regular mpc-transition  fa fa-users\"><\/i><i class=\"mpc-icon-part mpc-hover mpc-transition  fa fa-users\"><\/i><\/div><\/div><\/div><div class=\"mpc-accordion-item__wrapper\">[vc_column_text]1. Prof.dr.ing. Valentin N\u0102VR\u0102PESCU<br \/>\n2. Prof.dr.ing. Horia NECULA<br \/>\n3. Prof.dr.ing. DorinC\u00c2RSTOIU<br \/>\n4. Prof.dr. Emil PETRESCU<br \/>\n5. Prof.dr.ing. Adina Magda FLOREA<br \/>\n6. Prof.dr.ing. Mariana MOCANU<br \/>\n7. Prof.dr.ing. Ciprian LUPU<br \/>\n8. Prof.dr.ing. Silviu CIOCHIN\u0102<br \/>\n9. Prof.dr.ing. Iulian B\u0102DESCU<br \/>\n10. Prof.dr.ing. Mihai AVRAM<br \/>\n11. Prof.dr.ing. Gabriel IACOBESCU<br \/>\n12. Conf.dr.ing. Nicolae IONESCU<br \/>\n13. Prof.dr.ing. Tiberiu DOBRESCU<br \/>\n14. Stud. Radu DRAGU<br \/>\n15. Stud. Marian SILI\u0218TEANU[\/vc_column_text]<\/div><\/div><\/li><li class=\"mpc-accordion__item \"><div class=\"mpc-accordion-item__heading mpc-transition\"><div data-id=\"mpc_icon-6169f61a60ac210\" class=\"mpc-icon mpc-init mpc-transition mpc-effect-none mpc-icon-hover \"><div class=\"mpc-icon-wrap\"><i class=\"mpc-icon-part mpc-regular mpc-transition  fa fa-users\"><\/i><i class=\"mpc-icon-part mpc-hover mpc-transition  fa fa-users\"><\/i><\/div><\/div><h3>Comisia pentru PROGRAMELE DE STUDII DE MASTERAT<\/h3><\/div><div class=\"mpc-accordion-item__content mpc-container\" ><div class=\"mpc-accordion-item__indent\"><div data-id=\"mpc_icon-6169f61a60ac210\" class=\"mpc-icon mpc-init mpc-transition mpc-effect-none mpc-icon-hover \"><div class=\"mpc-icon-wrap\"><i class=\"mpc-icon-part mpc-regular mpc-transition  fa fa-users\"><\/i><i class=\"mpc-icon-part mpc-hover mpc-transition  fa fa-users\"><\/i><\/div><\/div><\/div><div class=\"mpc-accordion-item__wrapper\">[vc_column_text]1. Prof.dr.ing. Constantin BULAC<br \/>\n2. Prof.dr.ing. Corneliu BURILEANU<br \/>\n3. Prof.dr.ing. Anton HAD\u0102R<br \/>\n4. Prof.dr.ing. Sever PA\u015eCA<br \/>\n5. Prof.dr.ing. Constantin OCN\u0102RESCU<br \/>\n6. Prof.dr.ing. Cristina COSTACHE<br \/>\n7. Prof.dr.ing. MihaelaPOPA<br \/>\n8. Prof.dr.ing. Mircea OPREAN<br \/>\n9. \u0218l.dr.ing. Ionel Bujorel P\u0102V\u0102LOIU<br \/>\n10. Stud. Georgiana Cristina TRIFU<br \/>\n11. Stud. AndreeaOLTEAN[\/vc_column_text]<\/div><\/div><\/li><li class=\"mpc-accordion__item \"><div class=\"mpc-accordion-item__heading mpc-transition\"><div data-id=\"mpc_icon-6169f61a60ac210\" class=\"mpc-icon mpc-init mpc-transition mpc-effect-none mpc-icon-hover \"><div class=\"mpc-icon-wrap\"><i class=\"mpc-icon-part mpc-regular mpc-transition  fa fa-users\"><\/i><i class=\"mpc-icon-part mpc-hover mpc-transition  fa fa-users\"><\/i><\/div><\/div><h3>Comisia pentru STUDIILE DOCTORALE<\/h3><\/div><div class=\"mpc-accordion-item__content mpc-container\" ><div class=\"mpc-accordion-item__indent\"><div data-id=\"mpc_icon-6169f61a60ac210\" class=\"mpc-icon mpc-init mpc-transition mpc-effect-none mpc-icon-hover \"><div class=\"mpc-icon-wrap\"><i class=\"mpc-icon-part mpc-regular mpc-transition  fa fa-users\"><\/i><i class=\"mpc-icon-part mpc-hover mpc-transition  fa fa-users\"><\/i><\/div><\/div><\/div><div class=\"mpc-accordion-item__wrapper\">[vc_column_text]1. Prof.dr.ing. Alexandru MOREGA<br \/>\n2. Prof.dr.ing. Dan POPESCU<br \/>\n3. Prof.dr.ing. Gheorghe BREZEANU<br \/>\n4. Prof.dr.ing. Constantin NI\u0162U<br \/>\n5. Prof.dr.ing. Marian GHEORGHE<br \/>\n6. Prof.dr.ing. Adrian-Mihail STOICA<br \/>\n7. Prof.dr.ing. Ionel SIMION<br \/>\n8. Prof.dr.ing. Iulian ANTONIAC<br \/>\n9. Prof.dr.ing. Horia IOVU<br \/>\n10. Prof.dr.ing. Anca Alexandra PURC\u0102REA<br \/>\n11. Stud. Elena Lavinia C\u0102LIN[\/vc_column_text]<\/div><\/div><\/li><li class=\"mpc-accordion__item \"><div class=\"mpc-accordion-item__heading mpc-transition\"><div data-id=\"mpc_icon-6169f61a60ac210\" class=\"mpc-icon mpc-init mpc-transition mpc-effect-none mpc-icon-hover \"><div class=\"mpc-icon-wrap\"><i class=\"mpc-icon-part mpc-regular mpc-transition  fa fa-users\"><\/i><i class=\"mpc-icon-part mpc-hover mpc-transition  fa fa-users\"><\/i><\/div><\/div><h3>Comisia pentru ASIGURAREA CALIT\u0102\u0162II, EVALUARE PERIODIC\u0102 \u0218I AUTORIZARE\/ACREDITARE<\/h3><\/div><div class=\"mpc-accordion-item__content mpc-container\" ><div class=\"mpc-accordion-item__indent\"><div data-id=\"mpc_icon-6169f61a60ac210\" class=\"mpc-icon mpc-init mpc-transition mpc-effect-none mpc-icon-hover \"><div class=\"mpc-icon-wrap\"><i class=\"mpc-icon-part mpc-regular mpc-transition  fa fa-users\"><\/i><i class=\"mpc-icon-part mpc-hover mpc-transition  fa fa-users\"><\/i><\/div><\/div><\/div><div class=\"mpc-accordion-item__wrapper\">[vc_column_text]1. Prof.dr.ing. Claudia Lauren\u021ba POPESCU<br \/>\n2. Prof.dr.ing. L\u0103cr\u0103mioara Diana ROBESCU<br \/>\n3. Prof.dr.ing. Gheorghe VOICU<br \/>\n4. Prof.dr.ing. Gheorghe SOLOMON<br \/>\n5. Conf.dr.ing. Daniela ISTRATI<br \/>\n6. Prof.dr.ing. Dumitru Radu STANCIU<br \/>\n7. Prof.dr.ing. Mihai Octavian POPESCU<br \/>\n8. Stud. Elena Ramona TOROPLEAN<br \/>\n9. Stud. Nicolae TUNSOIU<br \/>\n10. Stud. Alin-Valentin SIMION[\/vc_column_text]<\/div><\/div><\/li><li class=\"mpc-accordion__item \"><div class=\"mpc-accordion-item__heading mpc-transition\"><div data-id=\"mpc_icon-6169f61a60ac210\" class=\"mpc-icon mpc-init mpc-transition mpc-effect-none mpc-icon-hover \"><div class=\"mpc-icon-wrap\"><i class=\"mpc-icon-part mpc-regular mpc-transition  fa fa-users\"><\/i><i class=\"mpc-icon-part mpc-hover mpc-transition  fa fa-users\"><\/i><\/div><\/div><h3>Comisia pentru INFORMATIZAREA UNIVERSIT\u0102\u0162II<\/h3><\/div><div class=\"mpc-accordion-item__content mpc-container\" ><div class=\"mpc-accordion-item__indent\"><div data-id=\"mpc_icon-6169f61a60ac210\" class=\"mpc-icon mpc-init mpc-transition mpc-effect-none mpc-icon-hover \"><div class=\"mpc-icon-wrap\"><i class=\"mpc-icon-part mpc-regular mpc-transition  fa fa-users\"><\/i><i class=\"mpc-icon-part mpc-hover mpc-transition  fa fa-users\"><\/i><\/div><\/div><\/div><div class=\"mpc-accordion-item__wrapper\">[vc_column_text]1. Prof.dr.ing. Nicolae T\u0102PU\u015e<br \/>\n2. Prof.dr.ing. Radu DOGARU<br \/>\n3. Conf.dr.ing. Dumitru Iulian N\u0102STAC<br \/>\n4. Prof.dr.ing. Valentin PLE\u0218U<br \/>\n5. Prof.dr.ing. Ovidiu OPREA<br \/>\n6. Lector dr. Romeo BERCIA<br \/>\n7. Prof. dr.ing. George Stelic\u0103 DR\u0102GOI<br \/>\n8. Stud. Ana-Maria MOGA<br \/>\n9. Stud. Theodor IOAN<br \/>\n10. Stud. Petre Daniel FLOAREA<br \/>\n11. Stud. Radu DOBRI\u021aOIU[\/vc_column_text]<\/div><\/div><\/li><li class=\"mpc-accordion__item \"><div class=\"mpc-accordion-item__heading mpc-transition\"><div data-id=\"mpc_icon-6169f61a60ac210\" class=\"mpc-icon mpc-init mpc-transition mpc-effect-none mpc-icon-hover \"><div class=\"mpc-icon-wrap\"><i class=\"mpc-icon-part mpc-regular mpc-transition  fa fa-users\"><\/i><i class=\"mpc-icon-part mpc-hover mpc-transition  fa fa-users\"><\/i><\/div><\/div><h3>Comisia pentru CERCETARE \u015eTIIN\u0162IFIC\u0102 \u015eI VALORIFICAREA REZULTATELOR<\/h3><\/div><div class=\"mpc-accordion-item__content mpc-container\" ><div class=\"mpc-accordion-item__indent\"><div data-id=\"mpc_icon-6169f61a60ac210\" class=\"mpc-icon mpc-init mpc-transition mpc-effect-none mpc-icon-hover \"><div class=\"mpc-icon-wrap\"><i class=\"mpc-icon-part mpc-regular mpc-transition  fa fa-users\"><\/i><i class=\"mpc-icon-part mpc-hover mpc-transition  fa fa-users\"><\/i><\/div><\/div><\/div><div class=\"mpc-accordion-item__wrapper\">[vc_column_text]1. Prof.dr.ing. Sorin GRIGORESCU<br \/>\n2. Prof.dr.ing. Valentin IONI\u0162\u0102<br \/>\n3. Prof.dr.ing. Daniela VASILIU<br \/>\n4. Prof.dr.ing. \u015etefan TR\u0102U\u0218AN-MATU<br \/>\n5. Prof.dr.ing. Bogdan Emanuel IONESCU<br \/>\n6. Prof.dr.ing. Sorin C\u0102N\u0102N\u0102U<br \/>\n7. Prof.dr.ing. Costel Emil COTE\u021a<br \/>\n8. Conf.dr.ing. Daniel JOZSA<br \/>\n9. Conf.dr.ing. Marius MINEA<br \/>\n10. Prof.dr. Mihai POSTOLACHE<br \/>\n11. Conf.dr.ing. Marius STOIA-DJEKA<br \/>\n12. Prof.dr.ing. Cristian PREDESCU<br \/>\n13. Stud. Adrian Alexandru P\u00ceRVAN<br \/>\n14. Stud. Marius-Andrei STAFIE[\/vc_column_text]<\/div><\/div><\/li><li class=\"mpc-accordion__item \"><div class=\"mpc-accordion-item__heading mpc-transition\"><div data-id=\"mpc_icon-6169f61a60ac210\" class=\"mpc-icon mpc-init mpc-transition mpc-effect-none mpc-icon-hover \"><div class=\"mpc-icon-wrap\"><i class=\"mpc-icon-part mpc-regular mpc-transition  fa fa-users\"><\/i><i class=\"mpc-icon-part mpc-hover mpc-transition  fa fa-users\"><\/i><\/div><\/div><h3>Comisia pentru ANALIZ\u0102 BUGET \u2013 FINAN\u021aE \u2013 INVESTI\u0162II<\/h3><\/div><div class=\"mpc-accordion-item__content mpc-container\" ><div class=\"mpc-accordion-item__indent\"><div data-id=\"mpc_icon-6169f61a60ac210\" class=\"mpc-icon mpc-init mpc-transition mpc-effect-none mpc-icon-hover \"><div class=\"mpc-icon-wrap\"><i class=\"mpc-icon-part mpc-regular mpc-transition  fa fa-users\"><\/i><i class=\"mpc-icon-part mpc-hover mpc-transition  fa fa-users\"><\/i><\/div><\/div><\/div><div class=\"mpc-accordion-item__wrapper\">[vc_column_text]1. Conf.dr.ing. Cristian DINC\u0102<br \/>\n2. Conf.dr.ing. Valentin APOSTOL<br \/>\n3. Prof.dr.ing. Cristian DOICIN<br \/>\n4. Prof.dr.ing. Augustin SEMENESCU<br \/>\n5. Prof.dr.ing. Gigel PARASCHIV<br \/>\n6. Prof.dr.ing. Traian MAZILU<br \/>\n7. Stud. Mario Grig Jr OPREA<br \/>\n8. Stud. Dorinel STROE<br \/>\n9. Stud. Vlad Gabriel CHIRI\u021aOIU<br \/>\n10. Stud. Claudiu Adrian COTUNA<br \/>\n11. Stud. Mihai-Octavian CONSTANTINESCU[\/vc_column_text]<\/div><\/div><\/li><li class=\"mpc-accordion__item \"><div class=\"mpc-accordion-item__heading mpc-transition\"><div data-id=\"mpc_icon-6169f61a60ac210\" class=\"mpc-icon mpc-init mpc-transition mpc-effect-none mpc-icon-hover \"><div class=\"mpc-icon-wrap\"><i class=\"mpc-icon-part mpc-regular mpc-transition  fa fa-users\"><\/i><i class=\"mpc-icon-part mpc-hover mpc-transition  fa fa-users\"><\/i><\/div><\/div><h3>Comisia de EVALUARE A CADRELOR DIDACTICE \u0218I STUDEN\u021aILOR<\/h3><\/div><div class=\"mpc-accordion-item__content mpc-container\" ><div class=\"mpc-accordion-item__indent\"><div data-id=\"mpc_icon-6169f61a60ac210\" class=\"mpc-icon mpc-init mpc-transition mpc-effect-none mpc-icon-hover \"><div class=\"mpc-icon-wrap\"><i class=\"mpc-icon-part mpc-regular mpc-transition  fa fa-users\"><\/i><i class=\"mpc-icon-part mpc-hover mpc-transition  fa fa-users\"><\/i><\/div><\/div><\/div><div class=\"mpc-accordion-item__wrapper\">[vc_column_text]1. Conf.dr.ing. Ion TRI\u015eTIU<br \/>\n2. Prof.dr.ing. Cristian OAR\u0102<br \/>\n3. Prof.dr.ing. Emil SLU\u015eANSCHI<br \/>\n4. Prof.dr.ing. Lucian STANCIU<br \/>\n5. Prof.dr.ing. Teodor PETRESCU<br \/>\n6. Prof.dr.ing. Iulian RIPO\u0218AN<br \/>\n7. Prof.dr.ing. Ana JOSCEANU<br \/>\n8. Prof.dr.ing. Viorel FEROIU<br \/>\n9. Stud. Daniela C\u00ce\u021aU<br \/>\n10. Stud. Victor-Ionu\u021b IRIMIA<br \/>\n11. Stud. Bogdan-Viorel CLADOVEANU<br \/>\n12. Stud. Virgil Ionu\u021b PREDA[\/vc_column_text]<\/div><\/div><\/li><li class=\"mpc-accordion__item \"><div class=\"mpc-accordion-item__heading mpc-transition\"><div data-id=\"mpc_icon-6169f61a60ac210\" class=\"mpc-icon mpc-init mpc-transition mpc-effect-none mpc-icon-hover \"><div class=\"mpc-icon-wrap\"><i class=\"mpc-icon-part mpc-regular mpc-transition  fa fa-users\"><\/i><i class=\"mpc-icon-part mpc-hover mpc-transition  fa fa-users\"><\/i><\/div><\/div><h3>Comisia pentru DEZVOLTARE INSTITU\u0162IONAL\u0102<\/h3><\/div><div class=\"mpc-accordion-item__content mpc-container\" ><div class=\"mpc-accordion-item__indent\"><div data-id=\"mpc_icon-6169f61a60ac210\" class=\"mpc-icon mpc-init mpc-transition mpc-effect-none mpc-icon-hover \"><div class=\"mpc-icon-wrap\"><i class=\"mpc-icon-part mpc-regular mpc-transition  fa fa-users\"><\/i><i class=\"mpc-icon-part mpc-hover mpc-transition  fa fa-users\"><\/i><\/div><\/div><\/div><div class=\"mpc-accordion-item__wrapper\">[vc_column_text]1. Conf.dr.ing. Mihai MARICARU<br \/>\n2. Prof.dr.ing. Theodor BORANGIU<br \/>\n3. Prof.dr.ing. Gheorghe \u0218TEFAN<br \/>\n4. Prof.dr.ing. Cristian NEGRESCU<br \/>\n5. Prof.dr.ing. Tudor PRISECARU<br \/>\n6. Prof.dr.ing. Ecaterina ANDRONESCU<br \/>\n7. Prof.dr.ing. Sterian D\u0102N\u0102IL\u0102<br \/>\n8. Prof.dr. Gheorghe C\u0102TA-DANIL<br \/>\n9. Stud. Elena Diana \u0218ANDRU<br \/>\n10. Stud. Iuliana CHELU[\/vc_column_text]<\/div><\/div><\/li><li class=\"mpc-accordion__item \"><div class=\"mpc-accordion-item__heading mpc-transition\"><div data-id=\"mpc_icon-6169f61a60ac210\" class=\"mpc-icon mpc-init mpc-transition mpc-effect-none mpc-icon-hover \"><div class=\"mpc-icon-wrap\"><i class=\"mpc-icon-part mpc-regular mpc-transition  fa fa-users\"><\/i><i class=\"mpc-icon-part mpc-hover mpc-transition  fa fa-users\"><\/i><\/div><\/div><h3>Comisia pentru DEZVOLTAREA PARTICIP\u0102RII UPB LA INTERNA\u0162IONALIZAREA \u00ceNV\u0102\u0162\u0102M\u00c2NTULUI SUPERIOR<\/h3><\/div><div class=\"mpc-accordion-item__content mpc-container\" ><div class=\"mpc-accordion-item__indent\"><div data-id=\"mpc_icon-6169f61a60ac210\" class=\"mpc-icon mpc-init mpc-transition mpc-effect-none mpc-icon-hover \"><div class=\"mpc-icon-wrap\"><i class=\"mpc-icon-part mpc-regular mpc-transition  fa fa-users\"><\/i><i class=\"mpc-icon-part mpc-hover mpc-transition  fa fa-users\"><\/i><\/div><\/div><\/div><div class=\"mpc-accordion-item__wrapper\">[vc_column_text]1. Prof.dr.ing. George DARIE<br \/>\n2. Prof.dr.ing. Nicoleta TEODORESCU<br \/>\n3. Prof.dr.ing. Radu \u015eTEFAN<br \/>\n4. Conf.dr. Yolanda Mirela CATELLY<br \/>\n5. \u0218l.dr.ing. Marian VL\u0102DESCU<br \/>\n6. Prof.dr. Mihaela NETOLI\u0162CHI<br \/>\n7. Prof.dr. Mircea OLTEANU<br \/>\n8. Prof.dr. Gheorghe OPRESCU<br \/>\n9. Stud. Florin MISTR\u0102PAU<br \/>\n10. Stud. Vl\u0103du\u021b PETRACHE[\/vc_column_text]<\/div><\/div><\/li><li class=\"mpc-accordion__item \"><div class=\"mpc-accordion-item__heading mpc-transition\"><div data-id=\"mpc_icon-6169f61a60ac210\" class=\"mpc-icon mpc-init mpc-transition mpc-effect-none mpc-icon-hover \"><div class=\"mpc-icon-wrap\"><i class=\"mpc-icon-part mpc-regular mpc-transition  fa fa-users\"><\/i><i class=\"mpc-icon-part mpc-hover mpc-transition  fa fa-users\"><\/i><\/div><\/div><h3>Comisia pentru PROBLEMELE STUDEN\u0162ILOR \u015eI PENTRU PROBLEMELE SOCIALE ALE COMUNIT\u0102\u0162II ACADEMICE<\/h3><\/div><div class=\"mpc-accordion-item__content mpc-container\" ><div class=\"mpc-accordion-item__indent\"><div data-id=\"mpc_icon-6169f61a60ac210\" class=\"mpc-icon mpc-init mpc-transition mpc-effect-none mpc-icon-hover \"><div class=\"mpc-icon-wrap\"><i class=\"mpc-icon-part mpc-regular mpc-transition  fa fa-users\"><\/i><i class=\"mpc-icon-part mpc-hover mpc-transition  fa fa-users\"><\/i><\/div><\/div><\/div><div class=\"mpc-accordion-item__wrapper\">[vc_column_text]1. Stud. Daniel M\u0103d\u0103lin TUDORANCIA<br \/>\n2. Prof.dr.ing. Florin R\u0102DULESCU<br \/>\n3. Prof.dr.ing. Marcel PLE\u0218CA<br \/>\n4. Prof.dr.ing. Aurel ALECU<br \/>\n5. Prof.dr.ing. Cristian P\u00ceRVU<br \/>\n6. Conf.dr. Ioana PORUMB<br \/>\n7. Prof.dr. Nicoleta LI\u0162OIU<br \/>\n8. Stud. Marius OLTEANU<br \/>\n9. Stud. Marius BREAZU<br \/>\n10. Stud. Mihai-Daniel LENCARU<br \/>\n11. Stud. Theodor RA\u021a\u0102[\/vc_column_text]<\/div><\/div><\/li><\/ul><\/div>[\/vc_column][\/vc_row]<\/p>\n<\/div>","protected":false},"excerpt":{"rendered":"<p>[vc_row][vc_column][vc_column_text] SENATE COMMITTEES [\/vc_column_text][\/vc_column][\/vc_row]<\/p>\n","protected":false},"author":5,"featured_media":0,"parent":14570,"menu_order":0,"comment_status":"closed","ping_status":"closed","template":"","meta":{"footnotes":""},"categories":[172],"tags":[],"class_list":["post-14643","page","type-page","status-publish","hentry","category-university","description-off"],"_links":{"self":[{"href":"https:\/\/upb.ro\/en\/wp-json\/wp\/v2\/pages\/14643","targetHints":{"allow":["GET"]}}],"collection":[{"href":"https:\/\/upb.ro\/en\/wp-json\/wp\/v2\/pages"}],"about":[{"href":"https:\/\/upb.ro\/en\/wp-json\/wp\/v2\/types\/page"}],"author":[{"embeddable":true,"href":"https:\/\/upb.ro\/en\/wp-json\/wp\/v2\/users\/5"}],"replies":[{"embeddable":true,"href":"https:\/\/upb.ro\/en\/wp-json\/wp\/v2\/comments?post=14643"}],"version-history":[{"count":0,"href":"https:\/\/upb.ro\/en\/wp-json\/wp\/v2\/pages\/14643\/revisions"}],"up":[{"embeddable":true,"href":"https:\/\/upb.ro\/en\/wp-json\/wp\/v2\/pages\/14570"}],"wp:attachment":[{"href":"https:\/\/upb.ro\/en\/wp-json\/wp\/v2\/media?parent=14643"}],"wp:term":[{"taxonomy":"category","embeddable":true,"href":"https:\/\/upb.ro\/en\/wp-json\/wp\/v2\/categories?post=14643"},{"taxonomy":"post_tag","embeddable":true,"href":"https:\/\/upb.ro\/en\/wp-json\/wp\/v2\/tags?post=14643"}],"curies":[{"name":"wp","href":"https:\/\/api.w.org\/{rel}","templated":true}]}}