{"id":14577,"date":"2018-08-22T16:37:42","date_gmt":"2018-08-22T13:37:42","guid":{"rendered":"https:\/\/upb.ro\/upb-board\/"},"modified":"2021-11-11T09:57:41","modified_gmt":"2021-11-11T07:57:41","slug":"upb-board","status":"publish","type":"page","link":"https:\/\/upb.ro\/en\/upb-board\/","title":{"rendered":"UPB Board"},"content":{"rendered":"<div class=\"wpb-content-wrapper\"><p>[vc_row][vc_column][vc_column_text css=&#8221;.vc_custom_1539662625096{margin-top: 0px !important;margin-bottom: 0px !important;}&#8221;]<\/p>\n<h1 style=\"text-align: center;\"><strong>RECTOR<\/strong><\/h1>\n<p>[\/vc_column_text]<div data-id=\"mpc_divider-3669f57e7a0ebb9\" class=\"mpc-divider-wrap\"><div class=\"mpc-divider mpc-init mpc-align--center mpc-disable--left \" ><div class=\"mpc-divider__line mpc-side--left\"><span><\/span><\/div><div class=\"mpc-divider__line mpc-side--right\"><span><\/span><\/div><\/div><\/div>[vc_single_image image=&#8221;42419&#8243; img_size=&#8221;140&#215;140&#8243; add_caption=&#8221;yes&#8221; alignment=&#8221;center&#8221; style=&#8221;vc_box_shadow_circle_2&#8243; title=&#8221;CHAIRMAN OF THE BOARD&#8221; css=&#8221;.vc_custom_1600430202613{margin-top: 0px !important;margin-bottom: 0px !important;}&#8221;][vc_column_text]<\/p>\n<p style=\"text-align: center;\"><a href=\"http:\/\/upb.ro\/consiliul-de-administratie\/mesajul-rectorului\/\"><strong>Mihnea Cosmin COSTOIU<\/strong><\/a><\/p>\n<p style=\"text-align: center;\"><a href=\"mailto:mihnea.costoiu@upb.ro\">mihnea.costoiu@upb.ro<\/a><br \/>\n<a href=\"mailto:cabinet.rector@upb.ro\">cabinet.rector@upb.ro<\/a><br \/>\n<a href=\"tel:+40213171001\">Tel: +40 21-317 1001<\/a><br \/>\nFax: + 40 21-317 10 02<\/p>\n<p style=\"text-align: center;\">\u00a0Cladire Rectorat, Etaj II, Sala R 220<\/p>\n<p>[\/vc_column_text][vc_column_text css=&#8221;.vc_custom_1515768843136{margin-top: 0px !important;margin-bottom: 0px !important;}&#8221;]<\/p>\n<h2 style=\"text-align: center;\">Executives of the UPB Board<\/h2>\n<p>[\/vc_column_text]<div data-id=\"mpc_divider-6569f57e7a0ec3b\" class=\"mpc-divider-wrap\"><div class=\"mpc-divider mpc-init mpc-align--center mpc-disable--left \" ><div class=\"mpc-divider__line mpc-side--left\"><span><\/span><\/div><div class=\"mpc-divider__line mpc-side--right\"><span><\/span><\/div><\/div><\/div>[\/vc_column][\/vc_row][vc_row][vc_column width=&#8221;1\/4&#8243;][vc_single_image image=&#8221;37530&#8243; img_size=&#8221;140&#215;140&#8243; add_caption=&#8221;yes&#8221; alignment=&#8221;center&#8221; style=&#8221;vc_box_shadow_circle_2&#8243; title=&#8221;Vice-Rector&#8221; css=&#8221;.vc_custom_1600429732545{margin-top: 0px !important;margin-bottom: 0px !important;}&#8221;][vc_column_text]<\/p>\n<p style=\"text-align: center;\"><strong>Prof.dr.ing. Adina Magda FLOREA<\/strong><\/p>\n<h5 style=\"text-align: center;\">Facultatea de Automatic\u0103 \u0219i Calculatoare<\/h5>\n<h5 style=\"text-align: center;\"><a href=\"mailto:adina.florea@upb.ro\">adina.florea@upb.ro<\/a><\/h5>\n<h5 style=\"text-align: center;\">Tel:\u00a0<a href=\"tel:+40214029680\">+4021-402 9680<\/a><br \/>\nCladire Rectorat, Etaj III<br \/>\nSala R 320 \u2013 R 321<\/h5>\n<p>[\/vc_column_text][\/vc_column][vc_column width=&#8221;1\/4&#8243;][vc_single_image image=&#8221;3721&#8243; img_size=&#8221;140&#215;140&#8243; add_caption=&#8221;yes&#8221; alignment=&#8221;center&#8221; style=&#8221;vc_box_shadow_circle_2&#8243; title=&#8221;Vice-Rector&#8221; css=&#8221;.vc_custom_1600429739690{margin-top: 0px !important;margin-bottom: 0px !important;}&#8221;][vc_column_text]<\/p>\n<p style=\"text-align: center;\"><strong>Prof. dr. ing. Valentin NAVRAPESCU<\/strong><\/p>\n<h5 style=\"text-align: center;\">Facultatea de Inginerie Electric\u0103<\/h5>\n<h5 style=\"text-align: center;\"><a href=\"mailto:valentin.navrapescu@upb.ro\">valentin.navrapescu@upb.ro<\/a><br \/>\n<a href=\"tel:+40214029272\">Telefon: + 40 21 402 9272<\/a><br \/>\nFax: + 40 21 402 9564<br \/>\nCladire Rectorat, Etaj II<br \/>\nSala R 202 \u2013 R 204<\/h5>\n<p>[\/vc_column_text][\/vc_column][vc_column width=&#8221;1\/4&#8243;][vc_single_image image=&#8221;37528&#8243; img_size=&#8221;140&#215;140&#8243; add_caption=&#8221;yes&#8221; alignment=&#8221;center&#8221; style=&#8221;vc_box_shadow_circle_2&#8243; title=&#8221;Vice-Rector&#8221; css=&#8221;.vc_custom_1600429747655{margin-top: 0px !important;margin-bottom: 0px !important;}&#8221;][vc_column_text]<\/p>\n<p style=\"text-align: center;\"><strong>Profesor dr. ing. Horia NECULA<\/strong><\/p>\n<h5 style=\"text-align: center;\">Facultatea de Energetic\u0103<\/h5>\n<h5 style=\"text-align: center;\"><a href=\"mailto:horia.necula@upb.ro\">horia.necula@upb.ro<\/a><\/h5>\n<h5 style=\"text-align: center;\"><a href=\"tel:+40214029722\">Telefon: + 40 21 402 9722<\/a><br \/>\nFax: + 40 21 310 77 55<br \/>\nCladire Rectorat, Etaj III<br \/>\nSala R 322 \u2013 R 324<\/h5>\n<p>[\/vc_column_text][\/vc_column][vc_column width=&#8221;1\/4&#8243;][vc_single_image image=&#8221;37532&#8243; img_size=&#8221;140&#215;140&#8243; add_caption=&#8221;yes&#8221; alignment=&#8221;center&#8221; style=&#8221;vc_box_shadow_circle_2&#8243; title=&#8221;Vice-Rector&#8221; css=&#8221;.vc_custom_1600429756875{margin-top: 0px !important;margin-bottom: 0px !important;}&#8221;][vc_column_text]<\/p>\n<p style=\"text-align: center;\"><strong>Prof.dr.ing. Cristian NEGRESCU<\/strong><\/p>\n<h5 style=\"text-align: center;\">Facultatea de Electronic\u0103, Telecomunica\u021bii<br \/>\n\u0219i Tehnologia Informa\u021biei<\/h5>\n<h5 style=\"text-align: center;\">cristian.negrescu@upb.ro<br \/>\nTelefon: + 40 21 402 9544<br \/>\nFax: + 40 21-318 10 02<br \/>\nCladire Rectorat, Etaj II, Sala R 205-206<\/h5>\n<p>[\/vc_column_text][\/vc_column][\/vc_row][vc_row][vc_column width=&#8221;1\/4&#8243;][vc_single_image image=&#8221;3727&#8243; img_size=&#8221;140&#215;140&#8243; add_caption=&#8221;yes&#8221; alignment=&#8221;center&#8221; style=&#8221;vc_box_shadow_circle_2&#8243; title=&#8221;Vice-Rector&#8221; css=&#8221;.vc_custom_1600429814734{margin-top: 0px !important;margin-bottom: 0px !important;}&#8221;][vc_column_text]<\/p>\n<p style=\"text-align: center;\"><strong>Prof. dr. ing. Gigel PARASCHIV<\/strong><\/p>\n<h5 style=\"text-align: center;\">Facultatea de Ingineria Sistemelor Biotehnice<\/h5>\n<h5 style=\"text-align: center;\">Secretar de Stat in cadrul Ministerul Educa\u021biei \u0219i Cercet\u0103rii<br \/>\ngigel.paraschiv@upb.ro<br \/>\nTelefon: 021.402.9751<br \/>\nCladire Rectorat, Etaj III<br \/>\nSala R 318 \u2013 R 319<\/h5>\n<p>[\/vc_column_text][\/vc_column][vc_column width=&#8221;1\/4&#8243;][vc_single_image image=&#8221;6117&#8243; img_size=&#8221;140&#215;140&#8243; add_caption=&#8221;yes&#8221; alignment=&#8221;center&#8221; style=&#8221;vc_box_shadow_circle_2&#8243; title=&#8221;CSUD Director&#8221; css=&#8221;.vc_custom_1600429837182{margin-top: 0px !important;margin-bottom: 0px !important;}&#8221;][vc_column_text]<\/p>\n<p style=\"text-align: center;\"><strong>Prof. dr. ing. Horia IOVU<\/strong><\/p>\n<h5 style=\"text-align: center;\">Facultatea de Chimie Aplicat\u0103 \u0219i \u0218tiin\u021ba Materialelor<\/h5>\n<h5 style=\"text-align: center;\"><a href=\"mailto:iovu@tsocm.pub.ro\">iovu@tsocm.pub.ro<\/a><br \/>\n<a href=\"tel:+40214029730\">Telefon: + 40 21 402 9730<\/a><br \/>\nSecretariat: + 40 21 402 9729<br \/>\nCladire Rectorat, Etaj III<br \/>\nSala R 314 \u2013 R 317<\/h5>\n<p>[\/vc_column_text][\/vc_column][vc_column width=&#8221;1\/4&#8243;][vc_single_image image=&#8221;15778&#8243; img_size=&#8221;140&#215;140&#8243; add_caption=&#8221;yes&#8221; alignment=&#8221;center&#8221; style=&#8221;vc_box_shadow_circle_2&#8243; title=&#8221;G.A Director&#8221; css=&#8221;.vc_custom_1600430105445{margin-top: 0px !important;margin-bottom: 0px !important;}&#8221;][vc_column_text]<\/p>\n<p style=\"text-align: center;\"><strong>Mihai COROCAESCU<\/strong><\/p>\n<h5 style=\"text-align: center;\"><a href=\"mailto:mihai.corocaescu@upb.ro\">mihai.corocaescu@upb.ro<\/a><br \/>\n<a href=\"tel:+40214029205\">Tel: +4021-402 97 56<\/a><\/h5>\n<h5 style=\"text-align: center;\">Cladire Rectorat, Etaj II<br \/>\nCamera 217-219<\/h5>\n<p>[\/vc_column_text][\/vc_column][vc_column width=&#8221;1\/4&#8243;][\/vc_column][\/vc_row][vc_row][vc_column]<div data-id=\"mpc_icon_column-3469f57e7a0ecab\" class=\"mpc-icon-column mpc-init mpc-parent-hover mpc-transition mpc-icon-column--style_1 mpc-align--center \" ><div data-id=\"mpc_icon-6969f57e7a0ecd5\" class=\"mpc-icon mpc-init mpc-transition mpc-effect-none \"><div class=\"mpc-icon-wrap\"><i class=\"mpc-icon-part mpc-regular mpc-transition \"><\/i><\/div><\/div><div class=\"mpc-icon-column__content-wrap\"><div class=\"mpc-icon-column__content\"><h3 class=\"mpc-icon-column__heading mpc-transition\">Board members<\/h3><div data-id=\"mpc_divider-7569f57e7a0ecfd\" class=\"mpc-divider-wrap\"><div class=\"mpc-divider mpc-init mpc-align--center mpc-disable--left \" ><div class=\"mpc-divider__line mpc-side--left\"><span><\/span><\/div><div class=\"mpc-divider__line mpc-side--right\"><span><\/span><\/div><\/div><\/div><div class=\"mpc-icon-column__description mpc-transition\"><p>1. Conf.dr.ing. Dragos NICULAE &#8211; Decanul Facult\u0103\u0163ii de Inginerie Electric\u0103<br \/>\n2. Prof. dr. ing. Diana Robescu &#8211; Decanul Facult\u0103\u0163ii de Energetic\u0103<br \/>\n3. Conf.dr.ing. Mihnea Alexandru Moisescu &#8211; Decanul Facult\u0103\u0163ii de Automatic\u0103 si Calculatoare<br \/>\n4. Conf. dr. ing. Mihnea UDREA &#8211; Decanul Facult\u0103\u0163ii de Electronica, Telecomunica\u0163ii \u015fi Tehnologia Informa\u0163iei<br \/>\n5. Prof.dr.ing. Mariana Florentina STEFANESCU &#8211; Decanul Facult\u0103\u0163ii de Inginerie Mecanica si Mecatronica<br \/>\n6. Prof.dr.ing. Cristian Vasile DOICIN &#8211; Decanul Facult\u0103\u0163ii de Inginerie Industriala si Robotica<br \/>\n7. Prof. dr. ing. Sorin \u0218tefan Biri\u0219 &#8211; Decanul Facult\u0103\u0163ii de Ingineria Sistemelor Biotehnice<br \/>\n8. Conf.dr.ing. Ilona COSTEA &#8211; Decanul Facult\u0103\u0163ii de Transporturi<br \/>\n9. Conf. dr. ing. Daniel-Eugeniu CRUN\u021aEANU &#8211; Decanul Facult\u0103\u0163ii de Inginerie Aerospatial\u0103<br \/>\n10. Prof.dr.ing. Radu \u0218TEF\u0102NOIU &#8211; Decanul Facult\u0103\u0163ii de \u015etiin\u0163a \u015fi Ingineria Materialelor<br \/>\n11. Prof.dr.ing. Cristina ORBECI &#8211; Decanul Facult\u0103\u0163ii de Chimie Aplicat\u0103 \u015fi \u015etiin\u0163a Materialelor<br \/>\n12. Prof. dr.ing. Cristian George Dragomirescu &#8211; Decanul Facult\u0103\u0163ii de Inginerie \u00een Limbi Str\u0103ine<br \/>\n13. Prof.dr. Emil PETRESCU &#8211; Decanul Facult\u0103\u0163ii de \u015etiin\u0163e Aplicate<br \/>\n14. Conf. dr. ec. Corina DUMITRESCU &#8211; Decanul Facult\u0103\u0163ii de Antreprenoriat, Ingineria \u015fi Managementul Afacerilor<br \/>\n15. Prof.dr.ing. Sorin Ion JINGA &#8211; Decanul Facult\u0103\u0163ii de Inginerie Medical\u0103<br \/>\n16. Stud Antonio PORUMBITA \u2013 Student la Facultatea de Transporturi<\/p>\n<\/div><\/div><\/div><\/div>[\/vc_column][\/vc_row]<\/p>\n<\/div>","protected":false},"excerpt":{"rendered":"<p>[vc_row][vc_column][vc_column_text css=&#8221;.vc_custom_1539662625096{margin-top: 0px !important;margin-bottom: 0px !important;}&#8221;] RECTOR [\/vc_column_text][vc_single_image image=&#8221;42419&#8243; img_size=&#8221;140&#215;140&#8243; add_caption=&#8221;yes&#8221; alignment=&#8221;center&#8221; style=&#8221;vc_box_shadow_circle_2&#8243; title=&#8221;CHAIRMAN OF THE BOARD&#8221; css=&#8221;.vc_custom_1600430202613{margin-top: 0px !important;margin-bottom: 0px !important;}&#8221;][vc_column_text] Mihnea Cosmin COSTOIU mihnea.costoiu@upb.ro cabinet.rector@upb.ro Tel: +40 21-317 1001 Fax: + 40 21-317 10 02 \u00a0Cladire Rectorat, Etaj II, Sala R 220 [\/vc_column_text][vc_column_text css=&#8221;.vc_custom_1515768843136{margin-top: 0px !important;margin-bottom: 0px !important;}&#8221;] Executives of the UPB Board<\/p>\n","protected":false},"author":5,"featured_media":0,"parent":0,"menu_order":0,"comment_status":"closed","ping_status":"closed","template":"","meta":{"footnotes":""},"categories":[172],"tags":[],"class_list":["post-14577","page","type-page","status-publish","hentry","category-university","description-off"],"_links":{"self":[{"href":"https:\/\/upb.ro\/en\/wp-json\/wp\/v2\/pages\/14577","targetHints":{"allow":["GET"]}}],"collection":[{"href":"https:\/\/upb.ro\/en\/wp-json\/wp\/v2\/pages"}],"about":[{"href":"https:\/\/upb.ro\/en\/wp-json\/wp\/v2\/types\/page"}],"author":[{"embeddable":true,"href":"https:\/\/upb.ro\/en\/wp-json\/wp\/v2\/users\/5"}],"replies":[{"embeddable":true,"href":"https:\/\/upb.ro\/en\/wp-json\/wp\/v2\/comments?post=14577"}],"version-history":[{"count":0,"href":"https:\/\/upb.ro\/en\/wp-json\/wp\/v2\/pages\/14577\/revisions"}],"wp:attachment":[{"href":"https:\/\/upb.ro\/en\/wp-json\/wp\/v2\/media?parent=14577"}],"wp:term":[{"taxonomy":"category","embeddable":true,"href":"https:\/\/upb.ro\/en\/wp-json\/wp\/v2\/categories?post=14577"},{"taxonomy":"post_tag","embeddable":true,"href":"https:\/\/upb.ro\/en\/wp-json\/wp\/v2\/tags?post=14577"}],"curies":[{"name":"wp","href":"https:\/\/api.w.org\/{rel}","templated":true}]}}