{"id":14517,"date":"2018-08-22T16:04:12","date_gmt":"2018-08-22T13:04:12","guid":{"rendered":"https:\/\/upb.ro\/upb-history\/"},"modified":"2018-08-22T16:15:06","modified_gmt":"2018-08-22T13:15:06","slug":"upb-history","status":"publish","type":"page","link":"https:\/\/upb.ro\/en\/upb-history\/","title":{"rendered":"UPB History"},"content":{"rendered":"<div class=\"wpb-content-wrapper\"><p>[vc_row u_row_style=&#8221;0&#8243; u_row_paralax=&#8221;0&#8243; u_row_scheme=&#8221;0&#8243; kswr_row_top_decor_enabled=&#8221;false&#8221; kswr_row_bottom_decor_enabled=&#8221;false&#8221;][vc_column css=&#8221;.vc_custom_1520507358984{margin-bottom: 20px !important;}&#8221;][ucaddon_uc_side_solid_banner bg_color=&#8221;#0473aa&#8221; title=&#8221;&#8221; link=&#8221;&#8221; btn_text=&#8221;GHEORGHE LAZAR (1779-1823)&#8221; image=&#8221;4849&#8243;]T25seSUyMDIxJTIweWVhcnMlMjBhZnRlciUyMHRoZSUyMGZvdW5kaW5nJTIwb2YlMjBhbiUyMGVuZ2luZWVyaW5nJTIwc2Nob29sJTIwaW4lMjBWaWVubmElMjAlMjgxNzk3JTI5JTJDJTIwR2hlb3JnaGUlMjBMYXolQzQlODNyJTIwZm91bmRzJTIwdGhlJTIwJUM1JTlFY29hbGElMjBkZSUyMEluZ2luZXJpJTIwSG90YXJuaWNpJTIwJTI4MTgxOCUyOSUyQyUyMGF0JTIwdGhlJTIwUm95YWwlMjBBY2FkZW15JTIwb2YlMjBTdC4lMjBTYXZhLiUyMFRoZSUyMHNjaG9vbCUyMG9yZ2FuaXplZCUyMGJ5JTIwR2hlb3JnaGUlMjBMYXolQzQlODNyJTIwcHJlcGFyZWQlMjBlbmdpbmVlcnMlMjBhbmQlMjB0b3BvbWV0cmlzdHMuJTIwVGhlJTIwcmV2b2x1dGlvbiUyMG9mJTIwVHVkb3IlMjBWbGFkaW1pcmVzY3UlMjBjbG9zZXMlMjB0aGUlMjBzY2hvb2wlMjBpbiUyMDE4MjEu[\/ucaddon_uc_side_solid_banner][\/vc_column][\/vc_row][vc_row u_row_style=&#8221;0&#8243; u_row_paralax=&#8221;0&#8243; u_row_scheme=&#8221;0&#8243; kswr_row_top_decor_enabled=&#8221;false&#8221; kswr_row_bottom_decor_enabled=&#8221;false&#8221;][vc_column][vc_column_text]<br \/>\nUniversity POLITEHNICA of Bucharest is the oldest and most prestigious engineer school in Romania. Its traditions are related to the establishment, in 1818, by Gheorghe Laz\u0103r, of the first higher technical school with teaching in Romanian, at the Saint Sava Abbey in Bucharest. In 1832, it was reorganized into the St. Sava College.<\/p>\n<p>On 1 October 1864, <em>The<\/em> <em>School of Bridges and Roads, Mines and Architecture<\/em> was established, which becomes, on 30 October 1867, <em>The School of Bridges, Roads and Mines<\/em>, with a duration of 5 years. Under the leadership of Gheorghe Duca, on 1 April 1881, the institution acquires a new structure, under the name of <em>The National School of Bridges and Roads<\/em>; on 10 June 1920, the <em>Politehnica School of Bucharest<\/em> was founded, with four departments: Electromechanics, Civil Engineering, Mines and Metallurgy, Industrial Section.<\/p>\n<p>From November 1920 the name changes to <em>POLITEHNICA of Bucharest<\/em>.<\/p>\n<p>On 3 August 1948, the <em>Polytechnic Institute of Bucharest<\/em> was founded, which initially included 4 faculties and in which, since 1950, have appeared most of the current faculties. Based on the resolution of the Senate of November 1992, the <em>Polytechnic Institute of Bucharest<\/em> became <em>University POLITEHNICA of Bucharest<\/em>.[\/vc_column_text][\/vc_column][\/vc_row][vc_row][vc_column][ucaddon_uc_timeline_bullets uc_init_settings=&#8221;&#8221; uc_items_data=&#8221;JTVCJTdCJTIyYmdfY29sb3IlMjIlM0ElMjIlMjNmZmZmZmYlMjIlMkMlMjJwcmltYXJ5X2NvbG9yJTIyJTNBJTIyJTIzNDE0MjQ3JTIyJTJDJTIyaWNvbl9jb2xvciUyMiUzQSUyMiUyM2ZmZmZmZiUyMiUyQyUyMmljb25fYmclMjIlM0ElMjIlMjMzMjMyMzIlMjIlMkMlMjJib3JkZXJfY29sb3IlMjIlM0ElMjIlMjNlN2U3ZTclMjIlMkMlMjJ0aXRsZSUyMiUzQSUyMjE4MTglMjIlMkMlMjJsZWZ0X2NvbnRlbnQlMjIlM0ElMjJHaGVvcmdoZSUyMExheiVDNCU4M3IlMjBpcyUyMGF1dGhvcml6ZWQlMjB0byUyMGZvcm0lMjBhJTIwc2Nob29sJTIwb2YlMjBlbmdpbmVlcnMlMjBhdCUyMHRoZSUyMFN0LiUyMFNhdmElMjBBYmJleSUyMiUyQyUyMmxlZnRfaWNvbiUyMiUzQSUyMmdyYWR1YXRpb24tY2FwJTIyJTJDJTIycmlnaHRfdGl0bGUlMjIlM0ElMjIxODMyJTIyJTJDJTIycmlnaHRfY29udGVudCUyMiUzQSUyMlRoZSUyMGFwcG9pbnRtZW50JTIwb2YlMjBQZXRyYWNoZSUyMFBvZW5hcnUlMjBhcyUyMHRoZSUyMHNjaG9vbCUyMGhlYWRtYXN0ZXIlMjBieSUyMEJhcmJ1JTIwRGltaXRyaWUlMjAlQzUlOUV0aXJiZWklMjIlMkMlMjJyaWdodF9pY29uJTIyJTNBJTIyZmElMjBmYS1ib29rJTIyJTdEJTJDJTdCJTIyYmdfY29sb3IlMjIlM0ElMjIlMjNmZmZmZmYlMjIlMkMlMjJwcmltYXJ5X2NvbG9yJTIyJTNBJTIyJTIzNDE0MjQ3JTIyJTJDJTIyaWNvbl9jb2xvciUyMiUzQSUyMiUyM2ZmZmZmZiUyMiUyQyUyMmljb25fYmclMjIlM0ElMjIlMjMzMjMyMzIlMjIlMkMlMjJib3JkZXJfY29sb3IlMjIlM0ElMjIlMjNlN2U3ZTclMjIlMkMlMjJ0aXRsZSUyMiUzQSUyMjE4NjQlMjIlMkMlMjJsZWZ0X2NvbnRlbnQlMjIlM0ElMjJUaGUlMjBkZWNyZWUlMjBvZiUyMEFsLiUyMEkuJTIwQ3V6YSUyMC0lMjBlc3RhYmxpc2hpbmclMjB0aGUlMjBTY2hvb2wlMjBvZiUyMEJyaWRnZXMlMjBhbmQlMjBIaWdod2F5cyUyQyUyME1pbmVzJTIwYW5kJTIwQXJjaGl0ZWN0dXJlJTIyJTJDJTIybGVmdF9pY29uJTIyJTNBJTIycm9hZCUyMiUyQyUyMnJpZ2h0X3RpdGxlJTIyJTNBJTIyMTg2NyUyMiUyQyUyMnJpZ2h0X2NvbnRlbnQlMjIlM0ElMjJUaGUlMjBkZWNyZWUlMjBvZiUyMEtpbmclMjBDYXJvbCUyMEklMjAtJTIwU2Nob29sJTIwb2YlMjBCcmlkZ2VzJTJDJTIwUm9hZHMlMjBhbmQlMjBNaW5lcyUyMiUyQyUyMnJpZ2h0X2ljb24lMjIlM0ElMjJjaGlsZCUyMiU3RCUyQyU3QiUyMmJnX2NvbG9yJTIyJTNBJTIyJTIzZmZmZmZmJTIyJTJDJTIycHJpbWFyeV9jb2xvciUyMiUzQSUyMiUyMzQxNDI0NyUyMiUyQyUyMmljb25fY29sb3IlMjIlM0ElMjIlMjNmZmZmZmYlMjIlMkMlMjJpY29uX2JnJTIyJTNBJTIyJTIzMzIzMjMyJTIyJTJDJTIyYm9yZGVyX2NvbG9yJTIyJTNBJTIyJTIzZTdlN2U3JTIyJTJDJTIydGl0bGUlMjIlM0ElMjIxODgxJTIyJTJDJTIybGVmdF9jb250ZW50JTIyJTNBJTIyVGhlJTIwUG9seXRlY2huaWMlMjBTb2NpZXR5JTIwd2FzJTIwZXN0YWJsaXNoZWQlMjIlMkMlMjJsZWZ0X2ljb24lMjIlM0ElMjJ1c2VycyUyMiUyQyUyMnJpZ2h0X3RpdGxlJTIyJTNBJTIyMTg4NiUyMiUyQyUyMnJpZ2h0X2NvbnRlbnQlMjIlM0ElMjJUaGUlMjBjb21wbGV0aW9uJTIwb2YlMjBQb2xpenUlMjBidWlsZGluZyUyMGFuZCUyMGl0cyUyMGluYXVndXJhdGlvbiUyMGJ5JTIwS2luZyUyMENhcm9sJTIwSSUyMiUyQyUyMnJpZ2h0X2ljb24lMjIlM0ElMjJ1bml2ZXJzaXR5JTIyJTdEJTJDJTdCJTIyYmdfY29sb3IlMjIlM0ElMjIlMjNmZmZmZmYlMjIlMkMlMjJwcmltYXJ5X2NvbG9yJTIyJTNBJTIyJTIzNDE0MjQ3JTIyJTJDJTIyaWNvbl9jb2xvciUyMiUzQSUyMiUyM2ZmZmZmZiUyMiUyQyUyMmljb25fYmclMjIlM0ElMjIlMjMzMjMyMzIlMjIlMkMlMjJib3JkZXJfY29sb3IlMjIlM0ElMjIlMjNlN2U3ZTclMjIlMkMlMjJ0aXRsZSUyMiUzQSUyMjE5MjAlMjIlMkMlMjJsZWZ0X2NvbnRlbnQlMjIlM0ElMjJUaGUlMjBkZWNyZWUlMjBvZiUyMEtpbmclMjBGZXJkaW5hbmQlMjB0byUyMHNldCUyMHVwJTIwdGhlJTIwUG9seXRlY2huaWMlMjBTY2hvb2wlMjIlMkMlMjJsZWZ0X2ljb24lMjIlM0ElMjJidWlsZGluZyUyMiUyQyUyMnJpZ2h0X3RpdGxlJTIyJTNBJTIyMTkzOCUyMiUyQyUyMnJpZ2h0X2NvbnRlbnQlMjIlM0ElMjJDaGFuZ2UlMjBvZiUyMG5hbWUlMjBpbiUyMFBvbGl0ZWhuaWNhJTIwb2YlMjBCdWNoYXJlc3QlMjIlMkMlMjJyaWdodF9pY29uJTIyJTNBJTIyYm9va21hcmslMjIlN0QlMkMlN0IlMjJiZ19jb2xvciUyMiUzQSUyMiUyM2ZmZmZmZiUyMiUyQyUyMnByaW1hcnlfY29sb3IlMjIlM0ElMjIlMjM0MTQyNDclMjIlMkMlMjJpY29uX2NvbG9yJTIyJTNBJTIyJTIzZmZmZmZmJTIyJTJDJTIyaWNvbl9iZyUyMiUzQSUyMiUyMzMyMzIzMiUyMiUyQyUyMmJvcmRlcl9jb2xvciUyMiUzQSUyMiUyM2U3ZTdlNyUyMiUyQyUyMnRpdGxlJTIyJTNBJTIyMTk0OCUyMiUyQyUyMmxlZnRfY29udGVudCUyMiUzQSUyMkElMjBuZXclMjBjaGFuZ2UlMjBvZiUyMG5hbWUlMjBpbiUyMHRoZSUyMFBvbHl0ZWNobmljJTIwSW5zdGl0dXRlJTIwb2YlMjBCdWNoYXJlc3QlMjIlMkMlMjJsZWZ0X2ljb24lMjIlM0ElMjJtYXAlMjIlMkMlMjJyaWdodF90aXRsZSUyMiUzQSUyMjE5NzAlMjIlMkMlMjJyaWdodF9jb250ZW50JTIyJTNBJTIySW5hdWd1cmF0aW9uJTIwb2YlMjB0aGUlMjBjdXJyZW50JTIwY2FtcHVzJTIwb2YlMjB0aGUlMjBQb2x5dGVjaG5pYyUyMEluc3RpdHV0ZSUyMG9mJTIwQnVjaGFyZXN0JTIyJTJDJTIycmlnaHRfaWNvbiUyMiUzQSUyMmZsYWclMjIlN0QlMkMlN0IlMjJiZ19jb2xvciUyMiUzQSUyMiUyM2ZmZmZmZiUyMiUyQyUyMnByaW1hcnlfY29sb3IlMjIlM0ElMjIlMjM0MTQyNDclMjIlMkMlMjJpY29uX2NvbG9yJTIyJTNBJTIyJTIzZmZmZmZmJTIyJTJDJTIyaWNvbl9iZyUyMiUzQSUyMiUyMzMyMzIzMiUyMiUyQyUyMmJvcmRlcl9jb2xvciUyMiUzQSUyMiUyM2U3ZTdlNyUyMiUyQyUyMnRpdGxlJTIyJTNBJTIyMTk5MiUyMiUyQyUyMmxlZnRfY29udGVudCUyMiUzQSUyMlRoZSUyMG5hbWUlMjBjaGFuZ2VzJTIwdG8lMjB0aGUlMjBjdXJyZW50JTIwb25lJTIwLSUyMFVuaXZlcnNpdHklMjBQT0xJVEVITklDQSUyMG9mJTIwQnVjaGFyZXN0JTIyJTJDJTIybGVmdF9pY29uJTIyJTNBJTIyY2FtZXJhJTIyJTJDJTIycmlnaHRfdGl0bGUlMjIlM0ElMjIyMDEzJTIyJTJDJTIycmlnaHRfY29udGVudCUyMiUzQSUyMlRoZSUyMFJveWFsJTIwSG91c2UlMjBvZiUyMFJvbWFuaWElMjBncmFudHMlMjB0aGUlMjBVbml2ZXJzaXR5JTIwUE9MSVRFSE5JQ0ElMjBvZiUyMEJ1Y2hhcmVzdCUyMHRoZSUyME9yZGVyJTIwTmloaWwlMjBTaW5lJTIwRGVvJTIyJTJDJTIycmlnaHRfaWNvbiUyMiUzQSUyMmNoZWNrJTIyJTdEJTVE&#8221; uc_fonts_data=&#8221;JTdCJTdE&#8221;][vc_empty_space][\/vc_column][\/vc_row][vc_row][vc_column]<div id='gambit_baa_1' class='gambit_baa'\n\t\t\tdata-width='1000'\n\t\t\tdata-height='300'\n\t        data-direction='vertical'\n\t        data-slide-on='hover'\n\t        data-rotation='0'\n\t\t\tdata-start='.50'\n\t\t\tdata-arrows='false'\n\t\t\tdata-arrow-size='normal'\n\t\t\tdata-arrow-color='#ffffff'\n\t\t\tdata-arrow-gap='0'\n\t\t\tdata-arrow-distance='0'\n\t\t\tdata-arrow-offset='0'\n\t\t\tdata-split-border='false'\n\t\t\tdata-split-border-color='#ffffff'\n\t\t\tdata-split-border-width='2'\n\t\t\tdata-return-value='false'\n\t\t\tdata-return-delay='5000'\n\t\t\tdata-return-duration='1000'\n\t\t\tdata-slider='false'\n\t\t\tdata-slider-location='right'\n\t\t\tdata-slider-bar-color='rgba(0,0,0,.4)'\n\t\t\tdata-slider-bar-thickness='8'\n\t\t\tdata-slider-button-color='#ffffff'\n\t\t\tdata-slider-button-thickness='30'\n\t\t\t><div class='image_after' style='background-image: url(https:\/\/upb.ro\/wp-content\/uploads\/2018\/02\/upb2018.png)'><div class='baa_content_wrapper'><div class='image_after_content' style=\"bottom: 0; right: 0;color: #ffffff;padding: 10px;\">2018<\/div><\/div><\/div><div class='image_before' style='background-image: url(https:\/\/upb.ro\/wp-content\/uploads\/2018\/02\/istorieupb1950.png)'><div class='baa_content_wrapper'><div class='image_before_content' style=\"bottom: 0; right: 0;color: #f3f3f3;padding: 10px;\">1950<\/div><\/div><\/div><\/div><style>@media only screen and (max-width: 1000px) {\n\t\t\t\t\t\t#gambit_baa_1 .image_after {\n\t\t\t\t\t\t\tbackground-image: url(\"https:\/\/upb.ro\/wp-content\/uploads\/2018\/02\/upb2018-300x90.png\") !important;\n\t\t\t\t\t\t}\n\t\t\t\t\t\t#gambit_baa_1 .image_before {\n\t\t\t\t\t\t\tbackground-image: url(\"https:\/\/upb.ro\/wp-content\/uploads\/2018\/02\/istorieupb1950-300x90.png\") !important;\n\t\t\t\t\t\t}\n\t\t\t}<\/style>[\/vc_column][\/vc_row][vc_row][vc_column][textbox][\/textbox][\/vc_column][\/vc_row][vc_row][vc_column][vc_column_text css=&#8221;.vc_custom_1518900768465{margin-top: 20px !important;}&#8221;]<br \/>\nUniversity POLITEHNICA of Bucharest trains those without whom the society, as we know it today, could not be possible &#8211; the engineers. We are a people with inherited technical abilities, with native engineering inclination, and many times Romanian engineers have added their name to the pantheon of world science.<br \/>\n[\/vc_column_text][\/vc_column][\/vc_row][vc_row u_row_style=&#8221;0&#8243; u_row_paralax=&#8221;0&#8243; u_row_scheme=&#8221;0&#8243; css=&#8221;.vc_custom_1518905784504{margin-bottom: 30px !important;}&#8221; kswr_row_top_decor_enabled=&#8221;false&#8221; kswr_row_bottom_decor_enabled=&#8221;false&#8221;][vc_column width=&#8221;1\/3&#8243;]<div id=\"gambit-hero-box-1\" class=\"hero-box hero-box-effect-terry\" style=\"background-color: #000000; border-color:#000000; height: 300px;\"><figure class=\"hero-box-wrapper\"><div class=\"hero-box-img\" style=\"background-image: url(https:\/\/upb.ro\/wp-content\/uploads\/2018\/02\/UPB-Petrache-Poenaru-1.jpg);\"><\/div><figcaption><div class=\"hero-box-text\"><h3 class=\"hero-box-title\" style=\"\">PETRACHE POENARU<\/h3><p class=\"hero-box-caption\" style=\"\">Having studied in Vienna and Paris, he obtained in 1827 (Paris) the first patent for the invention of the pen, under the name \u201cthe endless pen that fills itself with ink\u201d.<\/p><\/div><\/figcaption><\/figure><\/div>[\/vc_column][vc_column width=&#8221;1\/3&#8243;]<div id=\"gambit-hero-box-2\" class=\"hero-box hero-box-effect-terry\" style=\"background-color: #000000; border-color:#000000; height: 300px;\"><figure class=\"hero-box-wrapper\"><div class=\"hero-box-img\" style=\"background-image: url(https:\/\/upb.ro\/wp-content\/uploads\/2018\/02\/GHEORGHE-I.-DUCA-Inginer-1.jpg);\"><\/div><figcaption><div class=\"hero-box-text\"><h3 class=\"hero-box-title\" style=\"\">GHEORGHE I. DUCA<\/h3><p class=\"hero-box-caption\" style=\"\">In 1874, he was named director of Ia\u015fi-Ungheni rail line. Between 1876 \u2013 1881, he worked for the Guilloux company, at the Ploie\u015fti - Predeal railway.<\/p><\/div><\/figcaption><\/figure><\/div>[\/vc_column][vc_column width=&#8221;1\/3&#8243;]<div id=\"gambit-hero-box-3\" class=\"hero-box hero-box-effect-terry\" style=\"background-color: #000000; border-color:#000000; height: 300px;\"><figure class=\"hero-box-wrapper\"><div class=\"hero-box-img\" style=\"background-image: url(https:\/\/upb.ro\/wp-content\/uploads\/2018\/02\/ANGHEL-SALIGNY-1.jpg);\"><\/div><figcaption><div class=\"hero-box-text\"><h3 class=\"hero-box-title\" style=\"\">ANGHEL SALIGNY<\/h3><p class=\"hero-box-caption\" style=\"\">He was a remarkable engineer, creator of multiple inventions and unique solutions in the design and construction of bridges and industrial structures.<\/p><\/div><\/figcaption><\/figure><\/div>[\/vc_column][\/vc_row][vc_row][vc_column width=&#8221;1\/3&#8243;]<div id=\"gambit-hero-box-4\" class=\"hero-box hero-box-effect-terry\" style=\"background-color: #000000; border-color:#000000; height: 300px;\"><figure class=\"hero-box-wrapper\"><div class=\"hero-box-img\" style=\"background-image: url(https:\/\/upb.ro\/wp-content\/uploads\/2018\/02\/SPIRU-HARET-1.jpg);\"><\/div><figcaption><div class=\"hero-box-text\"><h3 class=\"hero-box-title\" style=\"\">SPIRU HARET<\/h3><p class=\"hero-box-caption\" style=\"\">Spiru Haret was, for 29 years, university professor of trigonometry, descriptive, analytic and plane geometry, at the School of Bridges and Roads.<\/p><\/div><\/figcaption><\/figure><\/div>[\/vc_column][vc_column width=&#8221;1\/3&#8243;]<div id=\"gambit-hero-box-5\" class=\"hero-box hero-box-effect-terry\" style=\"background-color: #000000; border-color:#000000; height: 300px;\"><figure class=\"hero-box-wrapper\"><div class=\"hero-box-img\" style=\"background-image: url(https:\/\/upb.ro\/wp-content\/uploads\/2018\/02\/GEORGE-CONSTANTINESCU-1.jpg);\"><\/div><figcaption><div class=\"hero-box-text\"><h3 class=\"hero-box-title\" style=\"\">GEORGE CONSTANTINESCU<\/h3><p class=\"hero-box-caption\" style=\"\">He was among the first to use reinforced concrete in the construction of buildings in Romania (the casino in Constan\u0163a, the Water Tower in Peri\u015f, the Palace of the Patriarchate, Ath\u00e9n\u00e9e Palace Hotel).<\/p><\/div><\/figcaption><\/figure><\/div>[\/vc_column][vc_column width=&#8221;1\/3&#8243;]<div id=\"gambit-hero-box-6\" class=\"hero-box hero-box-effect-terry\" style=\"background-color: #000000; border-color:#000000; height: 300px;\"><figure class=\"hero-box-wrapper\"><div class=\"hero-box-img\" style=\"background-image: url(https:\/\/upb.ro\/wp-content\/uploads\/2018\/02\/ION-AGARBICEANU-1.jpg);\"><\/div><figcaption><div class=\"hero-box-text\"><h3 class=\"hero-box-title\" style=\"\">ION AG\u00c2RBICEANU<\/h3><p class=\"hero-box-caption\" style=\"\">In 1960, he created a laser with active medium a synthetic ruby crystal, and in 1963, the first laser with gas discharge in Romania.<\/p><\/div><\/figcaption><\/figure><\/div>[\/vc_column][\/vc_row][vc_row u_row_style=&#8221;0&#8243; u_row_paralax=&#8221;0&#8243; u_row_scheme=&#8221;0&#8243; css=&#8221;.vc_custom_1522230661848{margin-top: 20px !important;}&#8221; kswr_row_top_decor_enabled=&#8221;false&#8221; kswr_row_bottom_decor_enabled=&#8221;false&#8221;][vc_column][ucaddon_uc_border_overlay_banner image=&#8221;8382&#8243; primary_color=&#8221;#fafafa&#8221; border_color=&#8221;#fafafa&#8221; title=&#8221;ISTORIA UNIVERSIT\u0102\u0162II POLITEHNICA DIN BUCURE\u015eTI&#8221; link=&#8221;https:\/\/drive.google.com\/file\/d\/1ssCeDjBpcdGnSSDWfciuyZnfI3Fgrswc\/view?usp=sharing&#8221; uc_fonts_data=&#8221;JTdCJTIydGl0bGUlMjIlM0ElN0IlMjJjb2xvciUyMiUzQSUyMiUyM2ZmZmZmZiUyMiU3RCU3RA==&#8221;][\/ucaddon_uc_border_overlay_banner][\/vc_column][\/vc_row]<\/p>\n<\/div>","protected":false},"excerpt":{"rendered":"<p>[vc_row u_row_style=&#8221;0&#8243; u_row_paralax=&#8221;0&#8243; u_row_scheme=&#8221;0&#8243; kswr_row_top_decor_enabled=&#8221;false&#8221; kswr_row_bottom_decor_enabled=&#8221;false&#8221;][vc_column css=&#8221;.vc_custom_1520507358984{margin-bottom: 20px !important;}&#8221;][ucaddon_uc_side_solid_banner bg_color=&#8221;#0473aa&#8221; title=&#8221;&#8221; link=&#8221;&#8221; btn_text=&#8221;GHEORGHE LAZAR (1779-1823)&#8221; image=&#8221;4849&#8243;]T25seSUyMDIxJTIweWVhcnMlMjBhZnRlciUyMHRoZSUyMGZvdW5kaW5nJTIwb2YlMjBhbiUyMGVuZ2luZWVyaW5nJTIwc2Nob29sJTIwaW4lMjBWaWVubmElMjAlMjgxNzk3JTI5JTJDJTIwR2hlb3JnaGUlMjBMYXolQzQlODNyJTIwZm91bmRzJTIwdGhlJTIwJUM1JTlFY29hbGElMjBkZSUyMEluZ2luZXJpJTIwSG90YXJuaWNpJTIwJTI4MTgxOCUyOSUyQyUyMGF0JTIwdGhlJTIwUm95YWwlMjBBY2FkZW15JTIwb2YlMjBTdC4lMjBTYXZhLiUyMFRoZSUyMHNjaG9vbCUyMG9yZ2FuaXplZCUyMGJ5JTIwR2hlb3JnaGUlMjBMYXolQzQlODNyJTIwcHJlcGFyZWQlMjBlbmdpbmVlcnMlMjBhbmQlMjB0b3BvbWV0cmlzdHMuJTIwVGhlJTIwcmV2b2x1dGlvbiUyMG9mJTIwVHVkb3IlMjBWbGFkaW1pcmVzY3UlMjBjbG9zZXMlMjB0aGUlMjBzY2hvb2wlMjBpbiUyMDE4MjEu[\/ucaddon_uc_side_solid_banner][\/vc_column][\/vc_row][vc_row u_row_style=&#8221;0&#8243; u_row_paralax=&#8221;0&#8243; u_row_scheme=&#8221;0&#8243; kswr_row_top_decor_enabled=&#8221;false&#8221; kswr_row_bottom_decor_enabled=&#8221;false&#8221;][vc_column][vc_column_text] University POLITEHNICA of Bucharest is the oldest and most prestigious engineer school in Romania. Its traditions are related to the establishment, in 1818, by Gheorghe Laz\u0103r, of the first higher technical school with teaching<\/p>\n","protected":false},"author":5,"featured_media":0,"parent":0,"menu_order":0,"comment_status":"closed","ping_status":"closed","template":"","meta":{"footnotes":""},"categories":[172],"tags":[],"class_list":["post-14517","page","type-page","status-publish","hentry","category-university","description-off"],"_links":{"self":[{"href":"https:\/\/upb.ro\/en\/wp-json\/wp\/v2\/pages\/14517","targetHints":{"allow":["GET"]}}],"collection":[{"href":"https:\/\/upb.ro\/en\/wp-json\/wp\/v2\/pages"}],"about":[{"href":"https:\/\/upb.ro\/en\/wp-json\/wp\/v2\/types\/page"}],"author":[{"embeddable":true,"href":"https:\/\/upb.ro\/en\/wp-json\/wp\/v2\/users\/5"}],"replies":[{"embeddable":true,"href":"https:\/\/upb.ro\/en\/wp-json\/wp\/v2\/comments?post=14517"}],"version-history":[{"count":0,"href":"https:\/\/upb.ro\/en\/wp-json\/wp\/v2\/pages\/14517\/revisions"}],"wp:attachment":[{"href":"https:\/\/upb.ro\/en\/wp-json\/wp\/v2\/media?parent=14517"}],"wp:term":[{"taxonomy":"category","embeddable":true,"href":"https:\/\/upb.ro\/en\/wp-json\/wp\/v2\/categories?post=14517"},{"taxonomy":"post_tag","embeddable":true,"href":"https:\/\/upb.ro\/en\/wp-json\/wp\/v2\/tags?post=14517"}],"curies":[{"name":"wp","href":"https:\/\/api.w.org\/{rel}","templated":true}]}}